{"id":96,"date":"2023-07-09T09:08:21","date_gmt":"2023-07-09T07:08:21","guid":{"rendered":"https:\/\/histoire-et-resumes.com\/?page_id=96"},"modified":"2025-12-07T13:20:07","modified_gmt":"2025-12-07T12:20:07","slug":"a-propos","status":"publish","type":"page","link":"https:\/\/histoire-et-resumes.com\/index.php\/le-resume-de-lhistoire\/infos-generales\/a-propos\/","title":{"rendered":"A propos"},"content":{"rendered":"<p><img fetchpriority=\"high\" decoding=\"async\" class=\"alignnone  wp-image-733\" src=\"https:\/\/histoire-et-resumes.com\/wp-content\/uploads\/2025\/12\/Mister-Fanjo-16x9-1-300x169.jpg\" alt=\"\" width=\"1012\" height=\"570\" srcset=\"https:\/\/histoire-et-resumes.com\/wp-content\/uploads\/2025\/12\/Mister-Fanjo-16x9-1-300x169.jpg 300w, https:\/\/histoire-et-resumes.com\/wp-content\/uploads\/2025\/12\/Mister-Fanjo-16x9-1-1024x576.jpg 1024w, https:\/\/histoire-et-resumes.com\/wp-content\/uploads\/2025\/12\/Mister-Fanjo-16x9-1-768x432.jpg 768w, https:\/\/histoire-et-resumes.com\/wp-content\/uploads\/2025\/12\/Mister-Fanjo-16x9-1-1536x864.jpg 1536w, https:\/\/histoire-et-resumes.com\/wp-content\/uploads\/2025\/12\/Mister-Fanjo-16x9-1.jpg 1920w\" sizes=\"(max-width: 767px) 89vw, (max-width: 1000px) 54vw, (max-width: 1071px) 543px, 580px\" \/>Je suis un internaute passionn\u00e9 par l&rsquo;Histoire ainsi que par pleins d&rsquo;autres sujets. Pour en savoir plus, je vous invite \u00e0 consulter mon site officiel :\u00a0 <a href=\"https:\/\/misterfanjo.com\/\" target=\"_blank\" rel=\"noopener\"><span style=\"font-size: 1rem;\">https:\/\/misterfanjo.com\/<\/span><\/a><\/p>\r\n<!-- \/wp:post-content -->\r\n\r\n<!-- wp:heading -->\r\n<h2>\u00a0<\/h2>","protected":false},"excerpt":{"rendered":"<p>Je suis un internaute passionn\u00e9 par l&rsquo;Histoire ainsi que par pleins d&rsquo;autres sujets. Pour en savoir plus, je vous invite \u00e0 consulter mon site officiel :\u00a0 https:\/\/misterfanjo.com\/ \u00a0<\/p>\n","protected":false},"author":1,"featured_media":0,"parent":103,"menu_order":0,"comment_status":"closed","ping_status":"closed","template":"","meta":{"footnotes":""},"class_list":["post-96","page","type-page","status-publish","hentry"],"yoast_head":"<!-- This site is optimized with the Yoast SEO plugin v27.4 - https:\/\/yoast.com\/product\/yoast-seo-wordpress\/ -->\n<title>A propos - R\u00e9sum\u00e9 de l&#039;Histoire<\/title>\n<meta name=\"description\" content=\"\u27bd Cliquez ici pour d\u00e9couvrir la page &quot;\u00e0 propos&quot; du projet sur le r\u00e9sum\u00e9 sur l&#039;Histoire. C\u2019est parti ! \u2705\" \/>\n<meta name=\"robots\" content=\"index, follow, max-snippet:-1, max-image-preview:large, max-video-preview:-1\" \/>\n<link rel=\"canonical\" href=\"https:\/\/histoire-et-resumes.com\/index.php\/le-resume-de-lhistoire\/infos-generales\/a-propos\/\" \/>\n<meta property=\"og:locale\" content=\"fr_FR\" \/>\n<meta property=\"og:type\" content=\"article\" \/>\n<meta property=\"og:title\" content=\"A propos - R\u00e9sum\u00e9 de l&#039;Histoire\" \/>\n<meta property=\"og:description\" content=\"\u27bd Cliquez ici pour d\u00e9couvrir la page &quot;\u00e0 propos&quot; du projet sur le r\u00e9sum\u00e9 sur l&#039;Histoire. C\u2019est parti ! \u2705\" \/>\n<meta property=\"og:url\" content=\"https:\/\/histoire-et-resumes.com\/index.php\/le-resume-de-lhistoire\/infos-generales\/a-propos\/\" \/>\n<meta property=\"og:site_name\" content=\"R\u00e9sum\u00e9 de l&#039;Histoire\" \/>\n<meta property=\"article:modified_time\" content=\"2025-12-07T12:20:07+00:00\" \/>\n<meta property=\"og:image\" content=\"https:\/\/histoire-et-resumes.com\/wp-content\/uploads\/2025\/12\/Mister-Fanjo-16x9-1.jpg\" \/>\n\t<meta property=\"og:image:width\" content=\"1920\" \/>\n\t<meta property=\"og:image:height\" content=\"1080\" \/>\n\t<meta property=\"og:image:type\" content=\"image\/jpeg\" \/>\n<meta name=\"twitter:card\" content=\"summary_large_image\" \/>\n<meta name=\"twitter:site\" content=\"@misterfanjo\" \/>\n<meta name=\"twitter:label1\" content=\"Dur\u00e9e de lecture estim\u00e9e\" \/>\n\t<meta name=\"twitter:data1\" content=\"1 minute\" \/>\n<script type=\"application\/ld+json\" class=\"yoast-schema-graph\">{\"@context\":\"https:\\\/\\\/schema.org\",\"@graph\":[{\"@type\":\"WebPage\",\"@id\":\"https:\\\/\\\/histoire-et-resumes.com\\\/index.php\\\/le-resume-de-lhistoire\\\/infos-generales\\\/a-propos\\\/\",\"url\":\"https:\\\/\\\/histoire-et-resumes.com\\\/index.php\\\/le-resume-de-lhistoire\\\/infos-generales\\\/a-propos\\\/\",\"name\":\"A propos - R\u00e9sum\u00e9 de l&#039;Histoire\",\"isPartOf\":{\"@id\":\"https:\\\/\\\/histoire-et-resumes.com\\\/#website\"},\"primaryImageOfPage\":{\"@id\":\"https:\\\/\\\/histoire-et-resumes.com\\\/index.php\\\/le-resume-de-lhistoire\\\/infos-generales\\\/a-propos\\\/#primaryimage\"},\"image\":{\"@id\":\"https:\\\/\\\/histoire-et-resumes.com\\\/index.php\\\/le-resume-de-lhistoire\\\/infos-generales\\\/a-propos\\\/#primaryimage\"},\"thumbnailUrl\":\"https:\\\/\\\/histoire-et-resumes.com\\\/wp-content\\\/uploads\\\/2025\\\/12\\\/Mister-Fanjo-16x9-1-300x169.jpg\",\"datePublished\":\"2023-07-09T07:08:21+00:00\",\"dateModified\":\"2025-12-07T12:20:07+00:00\",\"description\":\"\u27bd Cliquez ici pour d\u00e9couvrir la page \\\"\u00e0 propos\\\" du projet sur le r\u00e9sum\u00e9 sur l'Histoire. C\u2019est parti ! \u2705\",\"breadcrumb\":{\"@id\":\"https:\\\/\\\/histoire-et-resumes.com\\\/index.php\\\/le-resume-de-lhistoire\\\/infos-generales\\\/a-propos\\\/#breadcrumb\"},\"inLanguage\":\"fr-FR\",\"potentialAction\":[{\"@type\":\"ReadAction\",\"target\":[\"https:\\\/\\\/histoire-et-resumes.com\\\/index.php\\\/le-resume-de-lhistoire\\\/infos-generales\\\/a-propos\\\/\"]}]},{\"@type\":\"ImageObject\",\"inLanguage\":\"fr-FR\",\"@id\":\"https:\\\/\\\/histoire-et-resumes.com\\\/index.php\\\/le-resume-de-lhistoire\\\/infos-generales\\\/a-propos\\\/#primaryimage\",\"url\":\"https:\\\/\\\/histoire-et-resumes.com\\\/wp-content\\\/uploads\\\/2025\\\/12\\\/Mister-Fanjo-16x9-1.jpg\",\"contentUrl\":\"https:\\\/\\\/histoire-et-resumes.com\\\/wp-content\\\/uploads\\\/2025\\\/12\\\/Mister-Fanjo-16x9-1.jpg\",\"width\":1920,\"height\":1080},{\"@type\":\"BreadcrumbList\",\"@id\":\"https:\\\/\\\/histoire-et-resumes.com\\\/index.php\\\/le-resume-de-lhistoire\\\/infos-generales\\\/a-propos\\\/#breadcrumb\",\"itemListElement\":[{\"@type\":\"ListItem\",\"position\":1,\"name\":\"Accueil\",\"item\":\"https:\\\/\\\/histoire-et-resumes.com\\\/\"},{\"@type\":\"ListItem\",\"position\":2,\"name\":\"Le r\u00e9sum\u00e9 de l&rsquo;Histoire\",\"item\":\"https:\\\/\\\/histoire-et-resumes.com\\\/\"},{\"@type\":\"ListItem\",\"position\":3,\"name\":\"Infos g\u00e9n\u00e9rales\",\"item\":\"https:\\\/\\\/histoire-et-resumes.com\\\/index.php\\\/le-resume-de-lhistoire\\\/infos-generales\\\/\"},{\"@type\":\"ListItem\",\"position\":4,\"name\":\"A propos\"}]},{\"@type\":\"WebSite\",\"@id\":\"https:\\\/\\\/histoire-et-resumes.com\\\/#website\",\"url\":\"https:\\\/\\\/histoire-et-resumes.com\\\/\",\"name\":\"L'Histoire en un coup d'\u0153il\",\"description\":\"Un r\u00e9sum\u00e9 des 5 grandes p\u00e9riodes historiques.\",\"potentialAction\":[{\"@type\":\"SearchAction\",\"target\":{\"@type\":\"EntryPoint\",\"urlTemplate\":\"https:\\\/\\\/histoire-et-resumes.com\\\/?s={search_term_string}\"},\"query-input\":{\"@type\":\"PropertyValueSpecification\",\"valueRequired\":true,\"valueName\":\"search_term_string\"}}],\"inLanguage\":\"fr-FR\"}]}<\/script>\n<!-- \/ Yoast SEO plugin. -->","yoast_head_json":{"title":"A propos - R\u00e9sum\u00e9 de l&#039;Histoire","description":"\u27bd Cliquez ici pour d\u00e9couvrir la page \"\u00e0 propos\" du projet sur le r\u00e9sum\u00e9 sur l'Histoire. C\u2019est parti ! \u2705","robots":{"index":"index","follow":"follow","max-snippet":"max-snippet:-1","max-image-preview":"max-image-preview:large","max-video-preview":"max-video-preview:-1"},"canonical":"https:\/\/histoire-et-resumes.com\/index.php\/le-resume-de-lhistoire\/infos-generales\/a-propos\/","og_locale":"fr_FR","og_type":"article","og_title":"A propos - R\u00e9sum\u00e9 de l&#039;Histoire","og_description":"\u27bd Cliquez ici pour d\u00e9couvrir la page \"\u00e0 propos\" du projet sur le r\u00e9sum\u00e9 sur l'Histoire. C\u2019est parti ! \u2705","og_url":"https:\/\/histoire-et-resumes.com\/index.php\/le-resume-de-lhistoire\/infos-generales\/a-propos\/","og_site_name":"R\u00e9sum\u00e9 de l&#039;Histoire","article_modified_time":"2025-12-07T12:20:07+00:00","og_image":[{"width":1920,"height":1080,"url":"https:\/\/histoire-et-resumes.com\/wp-content\/uploads\/2025\/12\/Mister-Fanjo-16x9-1.jpg","type":"image\/jpeg"}],"twitter_card":"summary_large_image","twitter_site":"@misterfanjo","twitter_misc":{"Dur\u00e9e de lecture estim\u00e9e":"1 minute"},"schema":{"@context":"https:\/\/schema.org","@graph":[{"@type":"WebPage","@id":"https:\/\/histoire-et-resumes.com\/index.php\/le-resume-de-lhistoire\/infos-generales\/a-propos\/","url":"https:\/\/histoire-et-resumes.com\/index.php\/le-resume-de-lhistoire\/infos-generales\/a-propos\/","name":"A propos - R\u00e9sum\u00e9 de l&#039;Histoire","isPartOf":{"@id":"https:\/\/histoire-et-resumes.com\/#website"},"primaryImageOfPage":{"@id":"https:\/\/histoire-et-resumes.com\/index.php\/le-resume-de-lhistoire\/infos-generales\/a-propos\/#primaryimage"},"image":{"@id":"https:\/\/histoire-et-resumes.com\/index.php\/le-resume-de-lhistoire\/infos-generales\/a-propos\/#primaryimage"},"thumbnailUrl":"https:\/\/histoire-et-resumes.com\/wp-content\/uploads\/2025\/12\/Mister-Fanjo-16x9-1-300x169.jpg","datePublished":"2023-07-09T07:08:21+00:00","dateModified":"2025-12-07T12:20:07+00:00","description":"\u27bd Cliquez ici pour d\u00e9couvrir la page \"\u00e0 propos\" du projet sur le r\u00e9sum\u00e9 sur l'Histoire. C\u2019est parti ! \u2705","breadcrumb":{"@id":"https:\/\/histoire-et-resumes.com\/index.php\/le-resume-de-lhistoire\/infos-generales\/a-propos\/#breadcrumb"},"inLanguage":"fr-FR","potentialAction":[{"@type":"ReadAction","target":["https:\/\/histoire-et-resumes.com\/index.php\/le-resume-de-lhistoire\/infos-generales\/a-propos\/"]}]},{"@type":"ImageObject","inLanguage":"fr-FR","@id":"https:\/\/histoire-et-resumes.com\/index.php\/le-resume-de-lhistoire\/infos-generales\/a-propos\/#primaryimage","url":"https:\/\/histoire-et-resumes.com\/wp-content\/uploads\/2025\/12\/Mister-Fanjo-16x9-1.jpg","contentUrl":"https:\/\/histoire-et-resumes.com\/wp-content\/uploads\/2025\/12\/Mister-Fanjo-16x9-1.jpg","width":1920,"height":1080},{"@type":"BreadcrumbList","@id":"https:\/\/histoire-et-resumes.com\/index.php\/le-resume-de-lhistoire\/infos-generales\/a-propos\/#breadcrumb","itemListElement":[{"@type":"ListItem","position":1,"name":"Accueil","item":"https:\/\/histoire-et-resumes.com\/"},{"@type":"ListItem","position":2,"name":"Le r\u00e9sum\u00e9 de l&rsquo;Histoire","item":"https:\/\/histoire-et-resumes.com\/"},{"@type":"ListItem","position":3,"name":"Infos g\u00e9n\u00e9rales","item":"https:\/\/histoire-et-resumes.com\/index.php\/le-resume-de-lhistoire\/infos-generales\/"},{"@type":"ListItem","position":4,"name":"A propos"}]},{"@type":"WebSite","@id":"https:\/\/histoire-et-resumes.com\/#website","url":"https:\/\/histoire-et-resumes.com\/","name":"L'Histoire en un coup d'\u0153il","description":"Un r\u00e9sum\u00e9 des 5 grandes p\u00e9riodes historiques.","potentialAction":[{"@type":"SearchAction","target":{"@type":"EntryPoint","urlTemplate":"https:\/\/histoire-et-resumes.com\/?s={search_term_string}"},"query-input":{"@type":"PropertyValueSpecification","valueRequired":true,"valueName":"search_term_string"}}],"inLanguage":"fr-FR"}]}},"_links":{"self":[{"href":"https:\/\/histoire-et-resumes.com\/index.php\/wp-json\/wp\/v2\/pages\/96","targetHints":{"allow":["GET"]}}],"collection":[{"href":"https:\/\/histoire-et-resumes.com\/index.php\/wp-json\/wp\/v2\/pages"}],"about":[{"href":"https:\/\/histoire-et-resumes.com\/index.php\/wp-json\/wp\/v2\/types\/page"}],"author":[{"embeddable":true,"href":"https:\/\/histoire-et-resumes.com\/index.php\/wp-json\/wp\/v2\/users\/1"}],"replies":[{"embeddable":true,"href":"https:\/\/histoire-et-resumes.com\/index.php\/wp-json\/wp\/v2\/comments?post=96"}],"version-history":[{"count":7,"href":"https:\/\/histoire-et-resumes.com\/index.php\/wp-json\/wp\/v2\/pages\/96\/revisions"}],"predecessor-version":[{"id":734,"href":"https:\/\/histoire-et-resumes.com\/index.php\/wp-json\/wp\/v2\/pages\/96\/revisions\/734"}],"up":[{"embeddable":true,"href":"https:\/\/histoire-et-resumes.com\/index.php\/wp-json\/wp\/v2\/pages\/103"}],"wp:attachment":[{"href":"https:\/\/histoire-et-resumes.com\/index.php\/wp-json\/wp\/v2\/media?parent=96"}],"curies":[{"name":"wp","href":"https:\/\/api.w.org\/{rel}","templated":true}]}}