{"id":69,"date":"2023-07-09T08:30:40","date_gmt":"2023-07-09T06:30:40","guid":{"rendered":"https:\/\/histoire-et-resumes.com\/?page_id=69"},"modified":"2024-04-04T10:43:00","modified_gmt":"2024-04-04T08:43:00","slug":"les-questions-des-membres","status":"publish","type":"page","link":"https:\/\/histoire-et-resumes.com\/index.php\/le-resume-de-lhistoire\/espace-membre-premium\/les-questions-des-membres\/","title":{"rendered":"Les questions des membres"},"content":{"rendered":"","protected":true},"excerpt":{"rendered":"","protected":true},"author":1,"featured_media":0,"parent":418,"menu_order":0,"comment_status":"closed","ping_status":"closed","template":"","meta":{"footnotes":""},"class_list":["post-69","page","type-page","status-publish","post-password-required","hentry"],"yoast_head":"<!-- This site is optimized with the Yoast SEO plugin v27.4 - https:\/\/yoast.com\/product\/yoast-seo-wordpress\/ -->\n<title>Les questions des membres - R\u00e9sum\u00e9 de l&#039;Histoire<\/title>\n<meta name=\"description\" content=\"\u27bd Cliquez ici pour poser vos questions sur le contenu du pack Premium, d\u00e9couvrir les r\u00e9ponses et consulter les autres questions des membres. \u2705\" \/>\n<meta name=\"robots\" content=\"index, follow, max-snippet:-1, max-image-preview:large, max-video-preview:-1\" \/>\n<link rel=\"canonical\" href=\"https:\/\/histoire-et-resumes.com\/index.php\/le-resume-de-lhistoire\/espace-membre-premium\/les-questions-des-membres\/\" \/>\n<meta property=\"og:locale\" content=\"fr_FR\" \/>\n<meta property=\"og:type\" content=\"article\" \/>\n<meta property=\"og:title\" content=\"Les questions des membres - R\u00e9sum\u00e9 de l&#039;Histoire\" \/>\n<meta property=\"og:description\" content=\"\u27bd Cliquez ici pour poser vos questions sur le contenu du pack Premium, d\u00e9couvrir les r\u00e9ponses et consulter les autres questions des membres. \u2705\" \/>\n<meta property=\"og:url\" content=\"https:\/\/histoire-et-resumes.com\/index.php\/le-resume-de-lhistoire\/espace-membre-premium\/les-questions-des-membres\/\" \/>\n<meta property=\"og:site_name\" content=\"R\u00e9sum\u00e9 de l&#039;Histoire\" \/>\n<meta property=\"article:modified_time\" content=\"2024-04-04T08:43:00+00:00\" \/>\n<meta name=\"twitter:card\" content=\"summary_large_image\" \/>\n<meta name=\"twitter:site\" content=\"@misterfanjo\" \/>\n<meta name=\"twitter:label1\" content=\"Dur\u00e9e de lecture estim\u00e9e\" \/>\n\t<meta name=\"twitter:data1\" content=\"1 minute\" \/>\n<script type=\"application\/ld+json\" class=\"yoast-schema-graph\">{\"@context\":\"https:\\\/\\\/schema.org\",\"@graph\":[{\"@type\":\"WebPage\",\"@id\":\"https:\\\/\\\/histoire-et-resumes.com\\\/index.php\\\/le-resume-de-lhistoire\\\/espace-membre-premium\\\/les-questions-des-membres\\\/\",\"url\":\"https:\\\/\\\/histoire-et-resumes.com\\\/index.php\\\/le-resume-de-lhistoire\\\/espace-membre-premium\\\/les-questions-des-membres\\\/\",\"name\":\"Les questions des membres - R\u00e9sum\u00e9 de l&#039;Histoire\",\"isPartOf\":{\"@id\":\"https:\\\/\\\/histoire-et-resumes.com\\\/#website\"},\"datePublished\":\"2023-07-09T06:30:40+00:00\",\"dateModified\":\"2024-04-04T08:43:00+00:00\",\"breadcrumb\":{\"@id\":\"https:\\\/\\\/histoire-et-resumes.com\\\/index.php\\\/le-resume-de-lhistoire\\\/espace-membre-premium\\\/les-questions-des-membres\\\/#breadcrumb\"},\"inLanguage\":\"fr-FR\"},{\"@type\":\"WebSite\",\"@id\":\"https:\\\/\\\/histoire-et-resumes.com\\\/#website\",\"url\":\"https:\\\/\\\/histoire-et-resumes.com\\\/\",\"name\":\"L'Histoire en un coup d'\u0153il\",\"description\":\"Un r\u00e9sum\u00e9 des 5 grandes p\u00e9riodes historiques.\",\"potentialAction\":[{\"@type\":\"SearchAction\",\"target\":{\"@type\":\"EntryPoint\",\"urlTemplate\":\"https:\\\/\\\/histoire-et-resumes.com\\\/?s={search_term_string}\"},\"query-input\":{\"@type\":\"PropertyValueSpecification\",\"valueRequired\":true,\"valueName\":\"search_term_string\"}}],\"inLanguage\":\"fr-FR\"}]}<\/script>\n<!-- \/ Yoast SEO plugin. -->","yoast_head_json":{"title":"Les questions des membres - R\u00e9sum\u00e9 de l&#039;Histoire","description":"\u27bd Cliquez ici pour poser vos questions sur le contenu du pack Premium, d\u00e9couvrir les r\u00e9ponses et consulter les autres questions des membres. \u2705","robots":{"index":"index","follow":"follow","max-snippet":"max-snippet:-1","max-image-preview":"max-image-preview:large","max-video-preview":"max-video-preview:-1"},"canonical":"https:\/\/histoire-et-resumes.com\/index.php\/le-resume-de-lhistoire\/espace-membre-premium\/les-questions-des-membres\/","og_locale":"fr_FR","og_type":"article","og_title":"Les questions des membres - R\u00e9sum\u00e9 de l&#039;Histoire","og_description":"\u27bd Cliquez ici pour poser vos questions sur le contenu du pack Premium, d\u00e9couvrir les r\u00e9ponses et consulter les autres questions des membres. \u2705","og_url":"https:\/\/histoire-et-resumes.com\/index.php\/le-resume-de-lhistoire\/espace-membre-premium\/les-questions-des-membres\/","og_site_name":"R\u00e9sum\u00e9 de l&#039;Histoire","article_modified_time":"2024-04-04T08:43:00+00:00","twitter_card":"summary_large_image","twitter_site":"@misterfanjo","twitter_misc":{"Dur\u00e9e de lecture estim\u00e9e":"1 minute"},"schema":{"@context":"https:\/\/schema.org","@graph":[{"@type":"WebPage","@id":"https:\/\/histoire-et-resumes.com\/index.php\/le-resume-de-lhistoire\/espace-membre-premium\/les-questions-des-membres\/","url":"https:\/\/histoire-et-resumes.com\/index.php\/le-resume-de-lhistoire\/espace-membre-premium\/les-questions-des-membres\/","name":"Les questions des membres - R\u00e9sum\u00e9 de l&#039;Histoire","isPartOf":{"@id":"https:\/\/histoire-et-resumes.com\/#website"},"datePublished":"2023-07-09T06:30:40+00:00","dateModified":"2024-04-04T08:43:00+00:00","breadcrumb":{"@id":"https:\/\/histoire-et-resumes.com\/index.php\/le-resume-de-lhistoire\/espace-membre-premium\/les-questions-des-membres\/#breadcrumb"},"inLanguage":"fr-FR"},{"@type":"WebSite","@id":"https:\/\/histoire-et-resumes.com\/#website","url":"https:\/\/histoire-et-resumes.com\/","name":"L'Histoire en un coup d'\u0153il","description":"Un r\u00e9sum\u00e9 des 5 grandes p\u00e9riodes historiques.","potentialAction":[{"@type":"SearchAction","target":{"@type":"EntryPoint","urlTemplate":"https:\/\/histoire-et-resumes.com\/?s={search_term_string}"},"query-input":{"@type":"PropertyValueSpecification","valueRequired":true,"valueName":"search_term_string"}}],"inLanguage":"fr-FR"}]}},"_links":{"self":[{"href":"https:\/\/histoire-et-resumes.com\/index.php\/wp-json\/wp\/v2\/pages\/69","targetHints":{"allow":["GET"]}}],"collection":[{"href":"https:\/\/histoire-et-resumes.com\/index.php\/wp-json\/wp\/v2\/pages"}],"about":[{"href":"https:\/\/histoire-et-resumes.com\/index.php\/wp-json\/wp\/v2\/types\/page"}],"author":[{"embeddable":true,"href":"https:\/\/histoire-et-resumes.com\/index.php\/wp-json\/wp\/v2\/users\/1"}],"replies":[{"embeddable":true,"href":"https:\/\/histoire-et-resumes.com\/index.php\/wp-json\/wp\/v2\/comments?post=69"}],"version-history":[{"count":22,"href":"https:\/\/histoire-et-resumes.com\/index.php\/wp-json\/wp\/v2\/pages\/69\/revisions"}],"predecessor-version":[{"id":506,"href":"https:\/\/histoire-et-resumes.com\/index.php\/wp-json\/wp\/v2\/pages\/69\/revisions\/506"}],"up":[{"embeddable":true,"href":"https:\/\/histoire-et-resumes.com\/index.php\/wp-json\/wp\/v2\/pages\/418"}],"wp:attachment":[{"href":"https:\/\/histoire-et-resumes.com\/index.php\/wp-json\/wp\/v2\/media?parent=69"}],"curies":[{"name":"wp","href":"https:\/\/api.w.org\/{rel}","templated":true}]}}