{"id":452,"date":"2024-04-04T08:33:09","date_gmt":"2024-04-04T06:33:09","guid":{"rendered":"https:\/\/histoire-et-resumes.com\/?page_id=452"},"modified":"2024-04-07T09:23:03","modified_gmt":"2024-04-07T07:23:03","slug":"qcm-sur-les-temps-modernes","status":"publish","type":"page","link":"https:\/\/histoire-et-resumes.com\/index.php\/le-resume-de-lhistoire\/espace-membre-premium\/les-qcm\/qcm-sur-les-temps-modernes\/","title":{"rendered":"QCM sur les Temps modernes"},"content":{"rendered":"","protected":true},"excerpt":{"rendered":"","protected":true},"author":1,"featured_media":0,"parent":441,"menu_order":0,"comment_status":"closed","ping_status":"closed","template":"","meta":{"footnotes":""},"class_list":["post-452","page","type-page","status-publish","post-password-required","hentry"],"yoast_head":"<!-- This site is optimized with the Yoast SEO plugin v27.5 - https:\/\/yoast.com\/product\/yoast-seo-wordpress\/ -->\n<title>QCM sur les Temps modernes - R\u00e9sum\u00e9 de l&#039;Histoire<\/title>\n<meta name=\"description\" content=\"\u27bd Cliquez ici pour d\u00e9couvrir le QCM sur les Temps modernes afin de vous aider \u00e0 m\u00e9moriser les informations et tester vos connaissances. \u2705\" \/>\n<meta name=\"robots\" content=\"index, follow, max-snippet:-1, max-image-preview:large, max-video-preview:-1\" \/>\n<link rel=\"canonical\" href=\"https:\/\/histoire-et-resumes.com\/index.php\/le-resume-de-lhistoire\/espace-membre-premium\/les-qcm\/qcm-sur-les-temps-modernes\/\" \/>\n<meta property=\"og:locale\" content=\"fr_FR\" \/>\n<meta property=\"og:type\" content=\"article\" \/>\n<meta property=\"og:title\" content=\"QCM sur les Temps modernes - R\u00e9sum\u00e9 de l&#039;Histoire\" \/>\n<meta property=\"og:description\" content=\"\u27bd Cliquez ici pour d\u00e9couvrir le QCM sur les Temps modernes afin de vous aider \u00e0 m\u00e9moriser les informations et tester vos connaissances. \u2705\" \/>\n<meta property=\"og:url\" content=\"https:\/\/histoire-et-resumes.com\/index.php\/le-resume-de-lhistoire\/espace-membre-premium\/les-qcm\/qcm-sur-les-temps-modernes\/\" \/>\n<meta property=\"og:site_name\" content=\"R\u00e9sum\u00e9 de l&#039;Histoire\" \/>\n<meta property=\"article:modified_time\" content=\"2024-04-07T07:23:03+00:00\" \/>\n<meta name=\"twitter:card\" content=\"summary_large_image\" \/>\n<meta name=\"twitter:site\" content=\"@misterfanjo\" \/>\n<meta name=\"twitter:label1\" content=\"Dur\u00e9e de lecture estim\u00e9e\" \/>\n\t<meta name=\"twitter:data1\" content=\"1 minute\" \/>\n<script type=\"application\/ld+json\" class=\"yoast-schema-graph\">{\"@context\":\"https:\\\/\\\/schema.org\",\"@graph\":[{\"@type\":\"WebPage\",\"@id\":\"https:\\\/\\\/histoire-et-resumes.com\\\/index.php\\\/le-resume-de-lhistoire\\\/espace-membre-premium\\\/les-qcm\\\/qcm-sur-les-temps-modernes\\\/\",\"url\":\"https:\\\/\\\/histoire-et-resumes.com\\\/index.php\\\/le-resume-de-lhistoire\\\/espace-membre-premium\\\/les-qcm\\\/qcm-sur-les-temps-modernes\\\/\",\"name\":\"QCM sur les Temps modernes - R\u00e9sum\u00e9 de l&#039;Histoire\",\"isPartOf\":{\"@id\":\"https:\\\/\\\/histoire-et-resumes.com\\\/#website\"},\"datePublished\":\"2024-04-04T06:33:09+00:00\",\"dateModified\":\"2024-04-07T07:23:03+00:00\",\"breadcrumb\":{\"@id\":\"https:\\\/\\\/histoire-et-resumes.com\\\/index.php\\\/le-resume-de-lhistoire\\\/espace-membre-premium\\\/les-qcm\\\/qcm-sur-les-temps-modernes\\\/#breadcrumb\"},\"inLanguage\":\"fr-FR\"},{\"@type\":\"WebSite\",\"@id\":\"https:\\\/\\\/histoire-et-resumes.com\\\/#website\",\"url\":\"https:\\\/\\\/histoire-et-resumes.com\\\/\",\"name\":\"L'Histoire en un coup d'\u0153il\",\"description\":\"Un r\u00e9sum\u00e9 des 5 grandes p\u00e9riodes historiques.\",\"potentialAction\":[{\"@type\":\"SearchAction\",\"target\":{\"@type\":\"EntryPoint\",\"urlTemplate\":\"https:\\\/\\\/histoire-et-resumes.com\\\/?s={search_term_string}\"},\"query-input\":{\"@type\":\"PropertyValueSpecification\",\"valueRequired\":true,\"valueName\":\"search_term_string\"}}],\"inLanguage\":\"fr-FR\"}]}<\/script>\n<!-- \/ Yoast SEO plugin. -->","yoast_head_json":{"title":"QCM sur les Temps modernes - R\u00e9sum\u00e9 de l&#039;Histoire","description":"\u27bd Cliquez ici pour d\u00e9couvrir le QCM sur les Temps modernes afin de vous aider \u00e0 m\u00e9moriser les informations et tester vos connaissances. \u2705","robots":{"index":"index","follow":"follow","max-snippet":"max-snippet:-1","max-image-preview":"max-image-preview:large","max-video-preview":"max-video-preview:-1"},"canonical":"https:\/\/histoire-et-resumes.com\/index.php\/le-resume-de-lhistoire\/espace-membre-premium\/les-qcm\/qcm-sur-les-temps-modernes\/","og_locale":"fr_FR","og_type":"article","og_title":"QCM sur les Temps modernes - R\u00e9sum\u00e9 de l&#039;Histoire","og_description":"\u27bd Cliquez ici pour d\u00e9couvrir le QCM sur les Temps modernes afin de vous aider \u00e0 m\u00e9moriser les informations et tester vos connaissances. \u2705","og_url":"https:\/\/histoire-et-resumes.com\/index.php\/le-resume-de-lhistoire\/espace-membre-premium\/les-qcm\/qcm-sur-les-temps-modernes\/","og_site_name":"R\u00e9sum\u00e9 de l&#039;Histoire","article_modified_time":"2024-04-07T07:23:03+00:00","twitter_card":"summary_large_image","twitter_site":"@misterfanjo","twitter_misc":{"Dur\u00e9e de lecture estim\u00e9e":"1 minute"},"schema":{"@context":"https:\/\/schema.org","@graph":[{"@type":"WebPage","@id":"https:\/\/histoire-et-resumes.com\/index.php\/le-resume-de-lhistoire\/espace-membre-premium\/les-qcm\/qcm-sur-les-temps-modernes\/","url":"https:\/\/histoire-et-resumes.com\/index.php\/le-resume-de-lhistoire\/espace-membre-premium\/les-qcm\/qcm-sur-les-temps-modernes\/","name":"QCM sur les Temps modernes - R\u00e9sum\u00e9 de l&#039;Histoire","isPartOf":{"@id":"https:\/\/histoire-et-resumes.com\/#website"},"datePublished":"2024-04-04T06:33:09+00:00","dateModified":"2024-04-07T07:23:03+00:00","breadcrumb":{"@id":"https:\/\/histoire-et-resumes.com\/index.php\/le-resume-de-lhistoire\/espace-membre-premium\/les-qcm\/qcm-sur-les-temps-modernes\/#breadcrumb"},"inLanguage":"fr-FR"},{"@type":"WebSite","@id":"https:\/\/histoire-et-resumes.com\/#website","url":"https:\/\/histoire-et-resumes.com\/","name":"L'Histoire en un coup d'\u0153il","description":"Un r\u00e9sum\u00e9 des 5 grandes p\u00e9riodes historiques.","potentialAction":[{"@type":"SearchAction","target":{"@type":"EntryPoint","urlTemplate":"https:\/\/histoire-et-resumes.com\/?s={search_term_string}"},"query-input":{"@type":"PropertyValueSpecification","valueRequired":true,"valueName":"search_term_string"}}],"inLanguage":"fr-FR"}]}},"_links":{"self":[{"href":"https:\/\/histoire-et-resumes.com\/index.php\/wp-json\/wp\/v2\/pages\/452","targetHints":{"allow":["GET"]}}],"collection":[{"href":"https:\/\/histoire-et-resumes.com\/index.php\/wp-json\/wp\/v2\/pages"}],"about":[{"href":"https:\/\/histoire-et-resumes.com\/index.php\/wp-json\/wp\/v2\/types\/page"}],"author":[{"embeddable":true,"href":"https:\/\/histoire-et-resumes.com\/index.php\/wp-json\/wp\/v2\/users\/1"}],"replies":[{"embeddable":true,"href":"https:\/\/histoire-et-resumes.com\/index.php\/wp-json\/wp\/v2\/comments?post=452"}],"version-history":[{"count":3,"href":"https:\/\/histoire-et-resumes.com\/index.php\/wp-json\/wp\/v2\/pages\/452\/revisions"}],"predecessor-version":[{"id":562,"href":"https:\/\/histoire-et-resumes.com\/index.php\/wp-json\/wp\/v2\/pages\/452\/revisions\/562"}],"up":[{"embeddable":true,"href":"https:\/\/histoire-et-resumes.com\/index.php\/wp-json\/wp\/v2\/pages\/441"}],"wp:attachment":[{"href":"https:\/\/histoire-et-resumes.com\/index.php\/wp-json\/wp\/v2\/media?parent=452"}],"curies":[{"name":"wp","href":"https:\/\/api.w.org\/{rel}","templated":true}]}}