{"id":421,"date":"2024-04-04T07:47:30","date_gmt":"2024-04-04T05:47:30","guid":{"rendered":"https:\/\/histoire-et-resumes.com\/?page_id=421"},"modified":"2025-04-02T09:09:43","modified_gmt":"2025-04-02T07:09:43","slug":"les-resumes","status":"publish","type":"page","link":"https:\/\/histoire-et-resumes.com\/index.php\/le-resume-de-lhistoire\/les-resumes\/","title":{"rendered":"Les r\u00e9sum\u00e9s"},"content":{"rendered":"<h2><img fetchpriority=\"high\" decoding=\"async\" class=\"alignnone size-large wp-image-4640\" src=\"https:\/\/misterfanjo.com\/wp-content\/uploads\/2023\/08\/Illustration-Histoire-en-un-coup-doeil-4-1024x576.jpg\" alt=\"\" width=\"750\" height=\"422\" \/><\/h2>\n<p><span style=\"font-weight: 400;\">R\u00e9sumer en 10 minutes et de mani\u00e8re p\u00e9dagogique les 5 grandes p\u00e9riodes historiques (Pr\u00e9histoire, Antiquit\u00e9, Moyen-\u00c2ge, Temps Modernes, \u00c9poque contemporaine). Voici l\u2019objet de ce r\u00e9sum\u00e9 de l\u2019Histoire.<\/span><\/p>\n<div id=\"ez-toc-container\" class=\"ez-toc-v2_0_82_2 counter-hierarchy ez-toc-counter ez-toc-grey ez-toc-container-direction\">\n<div class=\"ez-toc-title-container\">\n<p class=\"ez-toc-title\" style=\"cursor:inherit\">Sommaire<\/p>\n<span class=\"ez-toc-title-toggle\"><a href=\"#\" class=\"ez-toc-pull-right ez-toc-btn ez-toc-btn-xs ez-toc-btn-default ez-toc-toggle\" aria-label=\"Toggle Table of Content\"><span class=\"ez-toc-js-icon-con\"><span class=\"\"><span class=\"eztoc-hide\" style=\"display:none;\">Toggle<\/span><span class=\"ez-toc-icon-toggle-span\"><svg style=\"fill: #999;color:#999\" xmlns=\"http:\/\/www.w3.org\/2000\/svg\" class=\"list-377408\" width=\"20px\" height=\"20px\" viewBox=\"0 0 24 24\" fill=\"none\"><path d=\"M6 6H4v2h2V6zm14 0H8v2h12V6zM4 11h2v2H4v-2zm16 0H8v2h12v-2zM4 16h2v2H4v-2zm16 0H8v2h12v-2z\" fill=\"currentColor\"><\/path><\/svg><svg style=\"fill: #999;color:#999\" class=\"arrow-unsorted-368013\" xmlns=\"http:\/\/www.w3.org\/2000\/svg\" width=\"10px\" height=\"10px\" viewBox=\"0 0 24 24\" version=\"1.2\" baseProfile=\"tiny\"><path d=\"M18.2 9.3l-6.2-6.3-6.2 6.3c-.2.2-.3.4-.3.7s.1.5.3.7c.2.2.4.3.7.3h11c.3 0 .5-.1.7-.3.2-.2.3-.5.3-.7s-.1-.5-.3-.7zM5.8 14.7l6.2 6.3 6.2-6.3c.2-.2.3-.5.3-.7s-.1-.5-.3-.7c-.2-.2-.4-.3-.7-.3h-11c-.3 0-.5.1-.7.3-.2.2-.3.5-.3.7s.1.5.3.7z\"\/><\/svg><\/span><\/span><\/span><\/a><\/span><\/div>\n<nav><ul class='ez-toc-list ez-toc-list-level-1 ' ><li class='ez-toc-page-1 ez-toc-heading-level-2'><a class=\"ez-toc-link ez-toc-heading-1\" href=\"https:\/\/histoire-et-resumes.com\/index.php\/le-resume-de-lhistoire\/les-resumes\/#Les_episodes\" >Les \u00e9pisodes<\/a><ul class='ez-toc-list-level-3' ><li class='ez-toc-heading-level-3'><a class=\"ez-toc-link ez-toc-heading-2\" href=\"https:\/\/histoire-et-resumes.com\/index.php\/le-resume-de-lhistoire\/les-resumes\/#La_Prehistoire\" >La Pr\u00e9histoire<\/a><\/li><li class='ez-toc-page-1 ez-toc-heading-level-3'><a class=\"ez-toc-link ez-toc-heading-3\" href=\"https:\/\/histoire-et-resumes.com\/index.php\/le-resume-de-lhistoire\/les-resumes\/#LAntiquite\" >L&rsquo;Antiquit\u00e9<\/a><\/li><li class='ez-toc-page-1 ez-toc-heading-level-3'><a class=\"ez-toc-link ez-toc-heading-4\" href=\"https:\/\/histoire-et-resumes.com\/index.php\/le-resume-de-lhistoire\/les-resumes\/#Le_Moyen-Age\" >Le Moyen-\u00c2ge<\/a><\/li><li class='ez-toc-page-1 ez-toc-heading-level-3'><a class=\"ez-toc-link ez-toc-heading-5\" href=\"https:\/\/histoire-et-resumes.com\/index.php\/le-resume-de-lhistoire\/les-resumes\/#Les_Temps_Modernes\" >Les Temps Modernes<\/a><\/li><li class='ez-toc-page-1 ez-toc-heading-level-3'><a class=\"ez-toc-link ez-toc-heading-6\" href=\"https:\/\/histoire-et-resumes.com\/index.php\/le-resume-de-lhistoire\/les-resumes\/#LEpoque_Contemporaine\" >L&rsquo;Epoque Contemporaine<\/a><\/li><\/ul><\/li><li class='ez-toc-page-1 ez-toc-heading-level-2'><a class=\"ez-toc-link ez-toc-heading-7\" href=\"https:\/\/histoire-et-resumes.com\/index.php\/le-resume-de-lhistoire\/les-resumes\/#La_fiche_de_synthese\" >La fiche de synth\u00e8se<\/a><\/li><li class='ez-toc-page-1 ez-toc-heading-level-2'><a class=\"ez-toc-link ez-toc-heading-8\" href=\"https:\/\/histoire-et-resumes.com\/index.php\/le-resume-de-lhistoire\/les-resumes\/#Testez_vos_connaissances_sur_lHistoire\" >Testez vos connaissances sur l&rsquo;Histoire :\u00a0<\/a><\/li><li class='ez-toc-page-1 ez-toc-heading-level-2'><a class=\"ez-toc-link ez-toc-heading-9\" href=\"https:\/\/histoire-et-resumes.com\/index.php\/le-resume-de-lhistoire\/les-resumes\/#Le_pack_PREMIUM\" >Le pack PREMIUM<\/a><\/li><\/ul><\/nav><\/div>\n<h2><span class=\"ez-toc-section\" id=\"Les_episodes\"><\/span><strong>Les \u00e9pisodes<\/strong><span class=\"ez-toc-section-end\"><\/span><\/h2>\n<h3><span class=\"ez-toc-section\" id=\"La_Prehistoire\"><\/span>La Pr\u00e9histoire<span class=\"ez-toc-section-end\"><\/span><\/h3>\n<p><img decoding=\"async\" class=\" wp-image-125\" src=\"https:\/\/histoire-et-resumes.com\/wp-content\/uploads\/2023\/08\/Prehistoire-300x169.jpg\" alt=\"\" width=\"820\" height=\"462\" srcset=\"https:\/\/histoire-et-resumes.com\/wp-content\/uploads\/2023\/08\/Prehistoire-300x169.jpg 300w, https:\/\/histoire-et-resumes.com\/wp-content\/uploads\/2023\/08\/Prehistoire-1024x576.jpg 1024w, https:\/\/histoire-et-resumes.com\/wp-content\/uploads\/2023\/08\/Prehistoire-768x432.jpg 768w, https:\/\/histoire-et-resumes.com\/wp-content\/uploads\/2023\/08\/Prehistoire-1536x864.jpg 1536w, https:\/\/histoire-et-resumes.com\/wp-content\/uploads\/2023\/08\/Prehistoire-2048x1152.jpg 2048w\" sizes=\"(max-width: 767px) 89vw, (max-width: 1000px) 54vw, (max-width: 1071px) 543px, 580px\" \/><\/p>\n<p>&nbsp;<\/p>\n<p style=\"text-align: center;\"><a class=\"btn btn-primary btn-lg\" title=\"D\u00e9couvrir le projet\" href=\"https:\/\/histoire-et-resumes.com\/index.php\/le-resume-de-lhistoire\/les-resumes\/resume-de-la-prehistoire\/\" target=\"_blank\" rel=\"noopener\" data-slimstat=\"5\">Consulter l&rsquo;\u00e9pisode<\/a><\/p>\n<h3><span class=\"ez-toc-section\" id=\"LAntiquite\"><\/span>L&rsquo;Antiquit\u00e9<span class=\"ez-toc-section-end\"><\/span><\/h3>\n<p><img decoding=\"async\" class=\" wp-image-121\" src=\"https:\/\/histoire-et-resumes.com\/wp-content\/uploads\/2023\/08\/Antiquite-300x169.jpg\" alt=\"\" width=\"902\" height=\"508\" srcset=\"https:\/\/histoire-et-resumes.com\/wp-content\/uploads\/2023\/08\/Antiquite-300x169.jpg 300w, https:\/\/histoire-et-resumes.com\/wp-content\/uploads\/2023\/08\/Antiquite-1024x576.jpg 1024w, https:\/\/histoire-et-resumes.com\/wp-content\/uploads\/2023\/08\/Antiquite-768x432.jpg 768w, https:\/\/histoire-et-resumes.com\/wp-content\/uploads\/2023\/08\/Antiquite-1536x864.jpg 1536w, https:\/\/histoire-et-resumes.com\/wp-content\/uploads\/2023\/08\/Antiquite-2048x1152.jpg 2048w\" sizes=\"(max-width: 767px) 89vw, (max-width: 1000px) 54vw, (max-width: 1071px) 543px, 580px\" \/><\/p>\n<p style=\"text-align: center;\"><a class=\"btn btn-primary btn-lg\" title=\"D\u00e9couvrir le projet\" href=\"https:\/\/histoire-et-resumes.com\/index.php\/le-resume-de-lhistoire\/les-resumes\/resume-de-lantiquite\/\" target=\"_blank\" rel=\"noopener\" data-slimstat=\"5\">Consulter l&rsquo;\u00e9pisode<\/a><\/p>\n<h3><span class=\"ez-toc-section\" id=\"Le_Moyen-Age\"><\/span>Le Moyen-\u00c2ge<span class=\"ez-toc-section-end\"><\/span><\/h3>\n<p><img loading=\"lazy\" decoding=\"async\" class=\" wp-image-124\" src=\"https:\/\/histoire-et-resumes.com\/wp-content\/uploads\/2023\/08\/Moyen-Age-300x169.jpg\" alt=\"\" width=\"1072\" height=\"604\" srcset=\"https:\/\/histoire-et-resumes.com\/wp-content\/uploads\/2023\/08\/Moyen-Age-300x169.jpg 300w, https:\/\/histoire-et-resumes.com\/wp-content\/uploads\/2023\/08\/Moyen-Age-1024x576.jpg 1024w, https:\/\/histoire-et-resumes.com\/wp-content\/uploads\/2023\/08\/Moyen-Age-768x432.jpg 768w, https:\/\/histoire-et-resumes.com\/wp-content\/uploads\/2023\/08\/Moyen-Age-1536x864.jpg 1536w, https:\/\/histoire-et-resumes.com\/wp-content\/uploads\/2023\/08\/Moyen-Age-2048x1152.jpg 2048w\" sizes=\"(max-width: 767px) 89vw, (max-width: 1000px) 54vw, (max-width: 1071px) 543px, 580px\" \/><\/p>\n<p style=\"text-align: center;\"><a class=\"btn btn-primary btn-lg\" title=\"D\u00e9couvrir le projet\" href=\"https:\/\/histoire-et-resumes.com\/index.php\/le-resume-de-lhistoire\/les-resumes\/resume-du-moyen-age\/\" target=\"_blank\" rel=\"noopener\" data-slimstat=\"5\">Consulter l&rsquo;\u00e9pisode<\/a><\/p>\n<h3><span class=\"ez-toc-section\" id=\"Les_Temps_Modernes\"><\/span>Les Temps Modernes<span class=\"ez-toc-section-end\"><\/span><\/h3>\n<p><img loading=\"lazy\" decoding=\"async\" class=\" wp-image-120\" src=\"https:\/\/histoire-et-resumes.com\/wp-content\/uploads\/2023\/08\/Temps-Modernes-300x169.jpg\" alt=\"\" width=\"1021\" height=\"575\" srcset=\"https:\/\/histoire-et-resumes.com\/wp-content\/uploads\/2023\/08\/Temps-Modernes-300x169.jpg 300w, https:\/\/histoire-et-resumes.com\/wp-content\/uploads\/2023\/08\/Temps-Modernes-1024x576.jpg 1024w, https:\/\/histoire-et-resumes.com\/wp-content\/uploads\/2023\/08\/Temps-Modernes-768x432.jpg 768w, https:\/\/histoire-et-resumes.com\/wp-content\/uploads\/2023\/08\/Temps-Modernes-1536x864.jpg 1536w, https:\/\/histoire-et-resumes.com\/wp-content\/uploads\/2023\/08\/Temps-Modernes-2048x1152.jpg 2048w\" sizes=\"(max-width: 767px) 89vw, (max-width: 1000px) 54vw, (max-width: 1071px) 543px, 580px\" \/><\/p>\n<p style=\"text-align: center;\"><a class=\"btn btn-primary btn-lg\" title=\"D\u00e9couvrir le projet\" href=\"https:\/\/histoire-et-resumes.com\/index.php\/le-resume-de-lhistoire\/les-resumes\/resume-des-temps-modernes\/\" target=\"_blank\" rel=\"noopener\" data-slimstat=\"5\">Consulter l&rsquo;\u00e9pisode<\/a><\/p>\n<h3><span class=\"ez-toc-section\" id=\"LEpoque_Contemporaine\"><\/span>L&rsquo;Epoque Contemporaine<span class=\"ez-toc-section-end\"><\/span><\/h3>\n<p><img loading=\"lazy\" decoding=\"async\" class=\" wp-image-122\" src=\"https:\/\/histoire-et-resumes.com\/wp-content\/uploads\/2023\/08\/Epoque-contemporaine-300x169.jpg\" alt=\"\" width=\"983\" height=\"554\" srcset=\"https:\/\/histoire-et-resumes.com\/wp-content\/uploads\/2023\/08\/Epoque-contemporaine-300x169.jpg 300w, https:\/\/histoire-et-resumes.com\/wp-content\/uploads\/2023\/08\/Epoque-contemporaine-1024x576.jpg 1024w, https:\/\/histoire-et-resumes.com\/wp-content\/uploads\/2023\/08\/Epoque-contemporaine-768x432.jpg 768w, https:\/\/histoire-et-resumes.com\/wp-content\/uploads\/2023\/08\/Epoque-contemporaine-1536x864.jpg 1536w, https:\/\/histoire-et-resumes.com\/wp-content\/uploads\/2023\/08\/Epoque-contemporaine-2048x1152.jpg 2048w\" sizes=\"(max-width: 767px) 89vw, (max-width: 1000px) 54vw, (max-width: 1071px) 543px, 580px\" \/><\/p>\n<p style=\"text-align: center;\"><a class=\"btn btn-primary btn-lg\" title=\"D\u00e9couvrir le projet\" href=\"https:\/\/histoire-et-resumes.com\/index.php\/le-resume-de-lhistoire\/les-resumes\/resume-de-lepoque-contemporaine\/\" target=\"_blank\" rel=\"noopener\" data-slimstat=\"5\">Consulter l&rsquo;\u00e9pisode<\/a><\/p>\n<h2><span class=\"ez-toc-section\" id=\"La_fiche_de_synthese\"><\/span><strong>La fiche de synth\u00e8se<\/strong><span class=\"ez-toc-section-end\"><\/span><\/h2>\n<p><img loading=\"lazy\" decoding=\"async\" class=\"alignnone  wp-image-238\" src=\"https:\/\/histoire-et-resumes.com\/wp-content\/uploads\/2023\/09\/Fiche-Synthese-Generale-300x169.jpg\" alt=\"\" width=\"1109\" height=\"625\" srcset=\"https:\/\/histoire-et-resumes.com\/wp-content\/uploads\/2023\/09\/Fiche-Synthese-Generale-300x169.jpg 300w, https:\/\/histoire-et-resumes.com\/wp-content\/uploads\/2023\/09\/Fiche-Synthese-Generale-1024x576.jpg 1024w, https:\/\/histoire-et-resumes.com\/wp-content\/uploads\/2023\/09\/Fiche-Synthese-Generale-768x432.jpg 768w, https:\/\/histoire-et-resumes.com\/wp-content\/uploads\/2023\/09\/Fiche-Synthese-Generale-1536x864.jpg 1536w, https:\/\/histoire-et-resumes.com\/wp-content\/uploads\/2023\/09\/Fiche-Synthese-Generale.jpg 1920w\" sizes=\"(max-width: 767px) 89vw, (max-width: 1000px) 54vw, (max-width: 1071px) 543px, 580px\" \/><\/p>\n<p style=\"text-align: center;\"><a class=\"btn btn-primary btn-lg\" title=\"D\u00e9couvrir le projet\" href=\"https:\/\/misterfanjo.podia.com\/p02-resume-de-l-histoire-fiche-de-synthese\" target=\"_blank\" rel=\"noopener\" data-slimstat=\"5\">Recevoir la fiche<\/a><\/p>\n<h2><span class=\"ez-toc-section\" id=\"Testez_vos_connaissances_sur_lHistoire\"><\/span><b>Testez vos connaissances sur l&rsquo;Histoire :\u00a0<\/b><span class=\"ez-toc-section-end\"><\/span><\/h2>\n<p style=\"text-align: center;\"><a class=\"btn btn-primary btn-lg\" title=\"D\u00e9couvrir le projet\" href=\"https:\/\/histoire-et-resumes.com\/index.php\/qsm_quiz\/qcm-testez-vos-connaissances-en-histoire-2\/\" target=\"_blank\" rel=\"noopener\" data-slimstat=\"5\">Acc\u00e9der au QCM<\/a><\/p>\n<h2><span class=\"ez-toc-section\" id=\"Le_pack_PREMIUM\"><\/span><strong>Le pack PREMIUM<\/strong><span class=\"ez-toc-section-end\"><\/span><\/h2>\n<p><img loading=\"lazy\" decoding=\"async\" class=\"alignnone  wp-image-716\" src=\"https:\/\/histoire-et-resumes.com\/wp-content\/uploads\/2025\/04\/Contenu-du-programme-PREMIUM-300x169.jpg\" alt=\"\" width=\"1015\" height=\"572\" srcset=\"https:\/\/histoire-et-resumes.com\/wp-content\/uploads\/2025\/04\/Contenu-du-programme-PREMIUM-300x169.jpg 300w, https:\/\/histoire-et-resumes.com\/wp-content\/uploads\/2025\/04\/Contenu-du-programme-PREMIUM-1024x576.jpg 1024w, https:\/\/histoire-et-resumes.com\/wp-content\/uploads\/2025\/04\/Contenu-du-programme-PREMIUM-768x432.jpg 768w, https:\/\/histoire-et-resumes.com\/wp-content\/uploads\/2025\/04\/Contenu-du-programme-PREMIUM-1536x864.jpg 1536w, https:\/\/histoire-et-resumes.com\/wp-content\/uploads\/2025\/04\/Contenu-du-programme-PREMIUM-2048x1152.jpg 2048w, https:\/\/histoire-et-resumes.com\/wp-content\/uploads\/2025\/04\/Contenu-du-programme-PREMIUM-350x197.jpg 350w\" sizes=\"(max-width: 767px) 89vw, (max-width: 1000px) 54vw, (max-width: 1071px) 543px, 580px\" \/><\/p>\n<p style=\"text-align: center;\"><a class=\"btn btn-primary btn-lg\" title=\"D\u00e9couvrir le projet\" href=\"https:\/\/misterfanjo.podia.com\/p02-resume-de-l-histoire-pack-premium\" target=\"_blank\" rel=\"noopener\" data-slimstat=\"5\">En savoir plus<\/a><\/p>\n","protected":false},"excerpt":{"rendered":"<p>R\u00e9sumer en 10 minutes et de mani\u00e8re p\u00e9dagogique les 5 grandes p\u00e9riodes historiques (Pr\u00e9histoire, Antiquit\u00e9, Moyen-\u00c2ge, Temps Modernes, \u00c9poque contemporaine). Voici l\u2019objet de ce r\u00e9sum\u00e9 de l\u2019Histoire. Les \u00e9pisodes La Pr\u00e9histoire &nbsp; Consulter l&rsquo;\u00e9pisode L&rsquo;Antiquit\u00e9 Consulter l&rsquo;\u00e9pisode Le Moyen-\u00c2ge Consulter l&rsquo;\u00e9pisode Les Temps Modernes Consulter l&rsquo;\u00e9pisode L&rsquo;Epoque Contemporaine Consulter l&rsquo;\u00e9pisode La fiche de synth\u00e8se Recevoir la fiche Testez vos connaissances sur l&rsquo;Histoire :\u00a0 Acc\u00e9der au QCM Le pack PREMIUM En savoir plus<\/p>\n","protected":false},"author":1,"featured_media":0,"parent":168,"menu_order":0,"comment_status":"closed","ping_status":"closed","template":"","meta":{"footnotes":""},"class_list":["post-421","page","type-page","status-publish","hentry"],"yoast_head":"<!-- This site is optimized with the Yoast SEO plugin v27.5 - https:\/\/yoast.com\/product\/yoast-seo-wordpress\/ -->\n<title>Les r\u00e9sum\u00e9s - R\u00e9sum\u00e9 de l&#039;Histoire<\/title>\n<meta name=\"description\" content=\"\u27bd Cliquez ici pour d\u00e9couvrir les r\u00e9sum\u00e9s des cinq grandes p\u00e9riodes historiques ainsi que la fiche synth\u00e9tique. \u2705\" \/>\n<meta name=\"robots\" content=\"index, follow, max-snippet:-1, max-image-preview:large, max-video-preview:-1\" \/>\n<link rel=\"canonical\" href=\"https:\/\/histoire-et-resumes.com\/index.php\/le-resume-de-lhistoire\/les-resumes\/\" \/>\n<meta property=\"og:locale\" content=\"fr_FR\" \/>\n<meta property=\"og:type\" content=\"article\" \/>\n<meta property=\"og:title\" content=\"Les r\u00e9sum\u00e9s - R\u00e9sum\u00e9 de l&#039;Histoire\" \/>\n<meta property=\"og:description\" content=\"\u27bd Cliquez ici pour d\u00e9couvrir les r\u00e9sum\u00e9s des cinq grandes p\u00e9riodes historiques ainsi que la fiche synth\u00e9tique. \u2705\" \/>\n<meta property=\"og:url\" content=\"https:\/\/histoire-et-resumes.com\/index.php\/le-resume-de-lhistoire\/les-resumes\/\" \/>\n<meta property=\"og:site_name\" content=\"R\u00e9sum\u00e9 de l&#039;Histoire\" \/>\n<meta property=\"article:modified_time\" content=\"2025-04-02T07:09:43+00:00\" \/>\n<meta property=\"og:image\" content=\"https:\/\/misterfanjo.com\/wp-content\/uploads\/2023\/08\/Illustration-Histoire-en-un-coup-doeil-4-1024x576.jpg\" \/>\n<meta name=\"twitter:card\" content=\"summary_large_image\" \/>\n<meta name=\"twitter:site\" content=\"@misterfanjo\" \/>\n<meta name=\"twitter:label1\" content=\"Dur\u00e9e de lecture estim\u00e9e\" \/>\n\t<meta name=\"twitter:data1\" content=\"2 minutes\" \/>\n<script type=\"application\/ld+json\" class=\"yoast-schema-graph\">{\"@context\":\"https:\\\/\\\/schema.org\",\"@graph\":[{\"@type\":\"WebPage\",\"@id\":\"https:\\\/\\\/histoire-et-resumes.com\\\/index.php\\\/le-resume-de-lhistoire\\\/les-resumes\\\/\",\"url\":\"https:\\\/\\\/histoire-et-resumes.com\\\/index.php\\\/le-resume-de-lhistoire\\\/les-resumes\\\/\",\"name\":\"Les r\u00e9sum\u00e9s - R\u00e9sum\u00e9 de l&#039;Histoire\",\"isPartOf\":{\"@id\":\"https:\\\/\\\/histoire-et-resumes.com\\\/#website\"},\"primaryImageOfPage\":{\"@id\":\"https:\\\/\\\/histoire-et-resumes.com\\\/index.php\\\/le-resume-de-lhistoire\\\/les-resumes\\\/#primaryimage\"},\"image\":{\"@id\":\"https:\\\/\\\/histoire-et-resumes.com\\\/index.php\\\/le-resume-de-lhistoire\\\/les-resumes\\\/#primaryimage\"},\"thumbnailUrl\":\"https:\\\/\\\/misterfanjo.com\\\/wp-content\\\/uploads\\\/2023\\\/08\\\/Illustration-Histoire-en-un-coup-doeil-4-1024x576.jpg\",\"datePublished\":\"2024-04-04T05:47:30+00:00\",\"dateModified\":\"2025-04-02T07:09:43+00:00\",\"description\":\"\u27bd Cliquez ici pour d\u00e9couvrir les r\u00e9sum\u00e9s des cinq grandes p\u00e9riodes historiques ainsi que la fiche synth\u00e9tique. \u2705\",\"breadcrumb\":{\"@id\":\"https:\\\/\\\/histoire-et-resumes.com\\\/index.php\\\/le-resume-de-lhistoire\\\/les-resumes\\\/#breadcrumb\"},\"inLanguage\":\"fr-FR\",\"potentialAction\":[{\"@type\":\"ReadAction\",\"target\":[\"https:\\\/\\\/histoire-et-resumes.com\\\/index.php\\\/le-resume-de-lhistoire\\\/les-resumes\\\/\"]}]},{\"@type\":\"ImageObject\",\"inLanguage\":\"fr-FR\",\"@id\":\"https:\\\/\\\/histoire-et-resumes.com\\\/index.php\\\/le-resume-de-lhistoire\\\/les-resumes\\\/#primaryimage\",\"url\":\"https:\\\/\\\/misterfanjo.com\\\/wp-content\\\/uploads\\\/2023\\\/08\\\/Illustration-Histoire-en-un-coup-doeil-4-1024x576.jpg\",\"contentUrl\":\"https:\\\/\\\/misterfanjo.com\\\/wp-content\\\/uploads\\\/2023\\\/08\\\/Illustration-Histoire-en-un-coup-doeil-4-1024x576.jpg\"},{\"@type\":\"BreadcrumbList\",\"@id\":\"https:\\\/\\\/histoire-et-resumes.com\\\/index.php\\\/le-resume-de-lhistoire\\\/les-resumes\\\/#breadcrumb\",\"itemListElement\":[{\"@type\":\"ListItem\",\"position\":1,\"name\":\"Accueil\",\"item\":\"https:\\\/\\\/histoire-et-resumes.com\\\/\"},{\"@type\":\"ListItem\",\"position\":2,\"name\":\"Le r\u00e9sum\u00e9 de l&rsquo;Histoire\",\"item\":\"https:\\\/\\\/histoire-et-resumes.com\\\/\"},{\"@type\":\"ListItem\",\"position\":3,\"name\":\"Les r\u00e9sum\u00e9s\"}]},{\"@type\":\"WebSite\",\"@id\":\"https:\\\/\\\/histoire-et-resumes.com\\\/#website\",\"url\":\"https:\\\/\\\/histoire-et-resumes.com\\\/\",\"name\":\"L'Histoire en un coup d'\u0153il\",\"description\":\"Un r\u00e9sum\u00e9 des 5 grandes p\u00e9riodes historiques.\",\"potentialAction\":[{\"@type\":\"SearchAction\",\"target\":{\"@type\":\"EntryPoint\",\"urlTemplate\":\"https:\\\/\\\/histoire-et-resumes.com\\\/?s={search_term_string}\"},\"query-input\":{\"@type\":\"PropertyValueSpecification\",\"valueRequired\":true,\"valueName\":\"search_term_string\"}}],\"inLanguage\":\"fr-FR\"}]}<\/script>\n<!-- \/ Yoast SEO plugin. -->","yoast_head_json":{"title":"Les r\u00e9sum\u00e9s - R\u00e9sum\u00e9 de l&#039;Histoire","description":"\u27bd Cliquez ici pour d\u00e9couvrir les r\u00e9sum\u00e9s des cinq grandes p\u00e9riodes historiques ainsi que la fiche synth\u00e9tique. \u2705","robots":{"index":"index","follow":"follow","max-snippet":"max-snippet:-1","max-image-preview":"max-image-preview:large","max-video-preview":"max-video-preview:-1"},"canonical":"https:\/\/histoire-et-resumes.com\/index.php\/le-resume-de-lhistoire\/les-resumes\/","og_locale":"fr_FR","og_type":"article","og_title":"Les r\u00e9sum\u00e9s - R\u00e9sum\u00e9 de l&#039;Histoire","og_description":"\u27bd Cliquez ici pour d\u00e9couvrir les r\u00e9sum\u00e9s des cinq grandes p\u00e9riodes historiques ainsi que la fiche synth\u00e9tique. \u2705","og_url":"https:\/\/histoire-et-resumes.com\/index.php\/le-resume-de-lhistoire\/les-resumes\/","og_site_name":"R\u00e9sum\u00e9 de l&#039;Histoire","article_modified_time":"2025-04-02T07:09:43+00:00","og_image":[{"url":"https:\/\/misterfanjo.com\/wp-content\/uploads\/2023\/08\/Illustration-Histoire-en-un-coup-doeil-4-1024x576.jpg","type":"","width":"","height":""}],"twitter_card":"summary_large_image","twitter_site":"@misterfanjo","twitter_misc":{"Dur\u00e9e de lecture estim\u00e9e":"2 minutes"},"schema":{"@context":"https:\/\/schema.org","@graph":[{"@type":"WebPage","@id":"https:\/\/histoire-et-resumes.com\/index.php\/le-resume-de-lhistoire\/les-resumes\/","url":"https:\/\/histoire-et-resumes.com\/index.php\/le-resume-de-lhistoire\/les-resumes\/","name":"Les r\u00e9sum\u00e9s - R\u00e9sum\u00e9 de l&#039;Histoire","isPartOf":{"@id":"https:\/\/histoire-et-resumes.com\/#website"},"primaryImageOfPage":{"@id":"https:\/\/histoire-et-resumes.com\/index.php\/le-resume-de-lhistoire\/les-resumes\/#primaryimage"},"image":{"@id":"https:\/\/histoire-et-resumes.com\/index.php\/le-resume-de-lhistoire\/les-resumes\/#primaryimage"},"thumbnailUrl":"https:\/\/misterfanjo.com\/wp-content\/uploads\/2023\/08\/Illustration-Histoire-en-un-coup-doeil-4-1024x576.jpg","datePublished":"2024-04-04T05:47:30+00:00","dateModified":"2025-04-02T07:09:43+00:00","description":"\u27bd Cliquez ici pour d\u00e9couvrir les r\u00e9sum\u00e9s des cinq grandes p\u00e9riodes historiques ainsi que la fiche synth\u00e9tique. \u2705","breadcrumb":{"@id":"https:\/\/histoire-et-resumes.com\/index.php\/le-resume-de-lhistoire\/les-resumes\/#breadcrumb"},"inLanguage":"fr-FR","potentialAction":[{"@type":"ReadAction","target":["https:\/\/histoire-et-resumes.com\/index.php\/le-resume-de-lhistoire\/les-resumes\/"]}]},{"@type":"ImageObject","inLanguage":"fr-FR","@id":"https:\/\/histoire-et-resumes.com\/index.php\/le-resume-de-lhistoire\/les-resumes\/#primaryimage","url":"https:\/\/misterfanjo.com\/wp-content\/uploads\/2023\/08\/Illustration-Histoire-en-un-coup-doeil-4-1024x576.jpg","contentUrl":"https:\/\/misterfanjo.com\/wp-content\/uploads\/2023\/08\/Illustration-Histoire-en-un-coup-doeil-4-1024x576.jpg"},{"@type":"BreadcrumbList","@id":"https:\/\/histoire-et-resumes.com\/index.php\/le-resume-de-lhistoire\/les-resumes\/#breadcrumb","itemListElement":[{"@type":"ListItem","position":1,"name":"Accueil","item":"https:\/\/histoire-et-resumes.com\/"},{"@type":"ListItem","position":2,"name":"Le r\u00e9sum\u00e9 de l&rsquo;Histoire","item":"https:\/\/histoire-et-resumes.com\/"},{"@type":"ListItem","position":3,"name":"Les r\u00e9sum\u00e9s"}]},{"@type":"WebSite","@id":"https:\/\/histoire-et-resumes.com\/#website","url":"https:\/\/histoire-et-resumes.com\/","name":"L'Histoire en un coup d'\u0153il","description":"Un r\u00e9sum\u00e9 des 5 grandes p\u00e9riodes historiques.","potentialAction":[{"@type":"SearchAction","target":{"@type":"EntryPoint","urlTemplate":"https:\/\/histoire-et-resumes.com\/?s={search_term_string}"},"query-input":{"@type":"PropertyValueSpecification","valueRequired":true,"valueName":"search_term_string"}}],"inLanguage":"fr-FR"}]}},"_links":{"self":[{"href":"https:\/\/histoire-et-resumes.com\/index.php\/wp-json\/wp\/v2\/pages\/421","targetHints":{"allow":["GET"]}}],"collection":[{"href":"https:\/\/histoire-et-resumes.com\/index.php\/wp-json\/wp\/v2\/pages"}],"about":[{"href":"https:\/\/histoire-et-resumes.com\/index.php\/wp-json\/wp\/v2\/types\/page"}],"author":[{"embeddable":true,"href":"https:\/\/histoire-et-resumes.com\/index.php\/wp-json\/wp\/v2\/users\/1"}],"replies":[{"embeddable":true,"href":"https:\/\/histoire-et-resumes.com\/index.php\/wp-json\/wp\/v2\/comments?post=421"}],"version-history":[{"count":5,"href":"https:\/\/histoire-et-resumes.com\/index.php\/wp-json\/wp\/v2\/pages\/421\/revisions"}],"predecessor-version":[{"id":718,"href":"https:\/\/histoire-et-resumes.com\/index.php\/wp-json\/wp\/v2\/pages\/421\/revisions\/718"}],"up":[{"embeddable":true,"href":"https:\/\/histoire-et-resumes.com\/index.php\/wp-json\/wp\/v2\/pages\/168"}],"wp:attachment":[{"href":"https:\/\/histoire-et-resumes.com\/index.php\/wp-json\/wp\/v2\/media?parent=421"}],"curies":[{"name":"wp","href":"https:\/\/api.w.org\/{rel}","templated":true}]}}