{"id":414,"date":"2024-04-04T07:32:10","date_gmt":"2024-04-04T05:32:10","guid":{"rendered":"https:\/\/histoire-et-resumes.com\/?page_id=414"},"modified":"2025-04-02T10:20:19","modified_gmt":"2025-04-02T08:20:19","slug":"resume-de-lhistoire","status":"publish","type":"page","link":"https:\/\/histoire-et-resumes.com\/index.php\/le-resume-de-lhistoire\/infos-generales\/resume-de-lhistoire\/","title":{"rendered":"Pr\u00e9sentation du r\u00e9sum\u00e9 de l&rsquo;Histoire"},"content":{"rendered":"<p>&nbsp;<\/p>\n<p><img fetchpriority=\"high\" decoding=\"async\" class=\"alignnone wp-image-415\" src=\"https:\/\/histoire-et-resumes.com\/wp-content\/uploads\/2024\/04\/Illustration-Presentation-du-projet-P02-300x169.jpg\" alt=\"\" width=\"602\" height=\"339\" srcset=\"https:\/\/histoire-et-resumes.com\/wp-content\/uploads\/2024\/04\/Illustration-Presentation-du-projet-P02-300x169.jpg 300w, https:\/\/histoire-et-resumes.com\/wp-content\/uploads\/2024\/04\/Illustration-Presentation-du-projet-P02-1024x576.jpg 1024w, https:\/\/histoire-et-resumes.com\/wp-content\/uploads\/2024\/04\/Illustration-Presentation-du-projet-P02-768x432.jpg 768w, https:\/\/histoire-et-resumes.com\/wp-content\/uploads\/2024\/04\/Illustration-Presentation-du-projet-P02-1536x864.jpg 1536w, https:\/\/histoire-et-resumes.com\/wp-content\/uploads\/2024\/04\/Illustration-Presentation-du-projet-P02-2048x1152.jpg 2048w\" sizes=\"(max-width: 602px) 100vw, 602px\" \/><span style=\"font-weight: 400;\">R\u00e9sumer en 10 minutes et de mani\u00e8re p\u00e9dagogique les 5 grandes p\u00e9riodes historiques (Pr\u00e9histoire, Antiquit\u00e9, Moyen-\u00c2ge, Temps modernes, \u00c9poque contemporaine). Voici l\u2019objet de ce r\u00e9sum\u00e9 de l\u2019Histoire. C\u2019est parti pour quelques explications !<\/span><\/p>\n<div id=\"ez-toc-container\" class=\"ez-toc-v2_0_82_2 counter-hierarchy ez-toc-counter ez-toc-grey ez-toc-container-direction\">\n<div class=\"ez-toc-title-container\">\n<p class=\"ez-toc-title\" style=\"cursor:inherit\">Sommaire<\/p>\n<span class=\"ez-toc-title-toggle\"><a href=\"#\" class=\"ez-toc-pull-right ez-toc-btn ez-toc-btn-xs ez-toc-btn-default ez-toc-toggle\" aria-label=\"Toggle Table of Content\"><span class=\"ez-toc-js-icon-con\"><span class=\"\"><span class=\"eztoc-hide\" style=\"display:none;\">Toggle<\/span><span class=\"ez-toc-icon-toggle-span\"><svg style=\"fill: #999;color:#999\" xmlns=\"http:\/\/www.w3.org\/2000\/svg\" class=\"list-377408\" width=\"20px\" height=\"20px\" viewBox=\"0 0 24 24\" fill=\"none\"><path d=\"M6 6H4v2h2V6zm14 0H8v2h12V6zM4 11h2v2H4v-2zm16 0H8v2h12v-2zM4 16h2v2H4v-2zm16 0H8v2h12v-2z\" fill=\"currentColor\"><\/path><\/svg><svg style=\"fill: #999;color:#999\" class=\"arrow-unsorted-368013\" xmlns=\"http:\/\/www.w3.org\/2000\/svg\" width=\"10px\" height=\"10px\" viewBox=\"0 0 24 24\" version=\"1.2\" baseProfile=\"tiny\"><path d=\"M18.2 9.3l-6.2-6.3-6.2 6.3c-.2.2-.3.4-.3.7s.1.5.3.7c.2.2.4.3.7.3h11c.3 0 .5-.1.7-.3.2-.2.3-.5.3-.7s-.1-.5-.3-.7zM5.8 14.7l6.2 6.3 6.2-6.3c.2-.2.3-.5.3-.7s-.1-.5-.3-.7c-.2-.2-.4-.3-.7-.3h-11c-.3 0-.5.1-.7.3-.2.2-.3.5-.3.7s.1.5.3.7z\"\/><\/svg><\/span><\/span><\/span><\/a><\/span><\/div>\n<nav><ul class='ez-toc-list ez-toc-list-level-1 ' ><li class='ez-toc-page-1 ez-toc-heading-level-2'><a class=\"ez-toc-link ez-toc-heading-1\" href=\"https:\/\/histoire-et-resumes.com\/index.php\/le-resume-de-lhistoire\/infos-generales\/resume-de-lhistoire\/#Video\" >Vid\u00e9o<\/a><\/li><li class='ez-toc-page-1 ez-toc-heading-level-2'><a class=\"ez-toc-link ez-toc-heading-2\" href=\"https:\/\/histoire-et-resumes.com\/index.php\/le-resume-de-lhistoire\/infos-generales\/resume-de-lhistoire\/#Parfaire_sa_culture_historique_une_galere\" >Parfaire sa culture historique : une gal\u00e8re ?!<\/a><\/li><li class='ez-toc-page-1 ez-toc-heading-level-2'><a class=\"ez-toc-link ez-toc-heading-3\" href=\"https:\/\/histoire-et-resumes.com\/index.php\/le-resume-de-lhistoire\/infos-generales\/resume-de-lhistoire\/#Un_resume_de_lHistoire\" >Un r\u00e9sum\u00e9 de l\u2019Histoire<\/a><\/li><li class='ez-toc-page-1 ez-toc-heading-level-2'><a class=\"ez-toc-link ez-toc-heading-4\" href=\"https:\/\/histoire-et-resumes.com\/index.php\/le-resume-de-lhistoire\/infos-generales\/resume-de-lhistoire\/#Un_programme_PREMIUM\" >Un programme PREMIUM*<\/a><\/li><li class='ez-toc-page-1 ez-toc-heading-level-2'><a class=\"ez-toc-link ez-toc-heading-5\" href=\"https:\/\/histoire-et-resumes.com\/index.php\/le-resume-de-lhistoire\/infos-generales\/resume-de-lhistoire\/#Pour_rejoindre_laventure\" >Pour rejoindre l\u2019aventure<\/a><\/li><\/ul><\/nav><\/div>\n<h2><span class=\"ez-toc-section\" id=\"Video\"><\/span><strong>Vid\u00e9o<\/strong><span class=\"ez-toc-section-end\"><\/span><\/h2>\n<p><iframe title=\"R\u00e9sum\u00e9 de l&#039;Histoire - Pr\u00e9sentation du projet P02\" width=\"525\" height=\"295\" src=\"https:\/\/www.youtube.com\/embed\/Mjk9ATOG0sk?feature=oembed\" frameborder=\"0\" allow=\"accelerometer; autoplay; clipboard-write; encrypted-media; gyroscope; picture-in-picture; web-share\" referrerpolicy=\"strict-origin-when-cross-origin\" allowfullscreen><\/iframe><\/p>\n<h2><span class=\"ez-toc-section\" id=\"Parfaire_sa_culture_historique_une_galere\"><\/span><strong>Parfaire sa culture historique : une gal\u00e8re ?!<\/strong><span class=\"ez-toc-section-end\"><\/span><\/h2>\n<p><span style=\"font-weight: 400;\">L\u2019apprentissage ou r\u00e9apprentissage de l&rsquo;Histoire est d\u00e9courageant et fastidieux car :\u00a0<\/span><\/p>\n<ul>\n<li style=\"list-style-type: none;\">\n<ul>\n<li style=\"font-weight: 400;\" aria-level=\"1\"><span style=\"font-weight: 400;\">nous manquons de temps et nous pr\u00e9f\u00e9rons faire autre chose<\/span><\/li>\n<li style=\"font-weight: 400;\" aria-level=\"1\"><span style=\"font-weight: 400;\">les informations sont denses et difficiles \u00e0 appr\u00e9hender<\/span><\/li>\n<li style=\"font-weight: 400;\" aria-level=\"1\"><span style=\"font-weight: 400;\">et surtout on ne sait pas par o\u00f9 commencer<\/span><\/li>\n<\/ul>\n<\/li>\n<\/ul>\n<p><span style=\"font-weight: 400;\">Et si am\u00e9liorer sa culture historique devenait facile gr\u00e2ce \u00e0 un r\u00e9sum\u00e9 p\u00e9dagogique.<\/span><\/p>\n<h2><span class=\"ez-toc-section\" id=\"Un_resume_de_lHistoire\"><\/span><strong>Un r\u00e9sum\u00e9 de l\u2019Histoire<\/strong><span class=\"ez-toc-section-end\"><\/span><\/h2>\n<p><span style=\"font-weight: 400;\">5 \u00e9pisodes de 5 minutes synth\u00e9tisent l&rsquo;essentiel des 5 grandes p\u00e9riodes historiques que sont\u00a0<\/span><\/p>\n<ul>\n<li style=\"list-style-type: none;\">\n<ul>\n<li style=\"font-weight: 400;\" aria-level=\"1\"><a href=\"https:\/\/histoire-et-resumes.com\/index.php\/le-resume-de-lhistoire\/les-resumes\/resume-de-la-prehistoire\/\" target=\"_blank\" rel=\"noopener\"><span style=\"font-weight: 400;\">la Pr\u00e9histoire<\/span><\/a><\/li>\n<li style=\"font-weight: 400;\" aria-level=\"1\"><a href=\"https:\/\/histoire-et-resumes.com\/index.php\/le-resume-de-lhistoire\/les-resumes\/resume-de-lantiquite\/\" target=\"_blank\" rel=\"noopener\"><span style=\"font-weight: 400;\">l&rsquo;Antiquit\u00e9<\/span><\/a><\/li>\n<li style=\"font-weight: 400;\" aria-level=\"1\"><a href=\"https:\/\/histoire-et-resumes.com\/index.php\/le-resume-de-lhistoire\/les-resumes\/resume-du-moyen-age\/\" target=\"_blank\" rel=\"noopener\"><span style=\"font-weight: 400;\">le Moyen-Age<\/span><\/a><\/li>\n<li style=\"font-weight: 400;\" aria-level=\"1\"><a href=\"https:\/\/histoire-et-resumes.com\/index.php\/le-resume-de-lhistoire\/les-resumes\/resume-des-temps-modernes\/\" target=\"_blank\" rel=\"noopener\"><span style=\"font-weight: 400;\">les Temps Modernes<\/span><\/a><\/li>\n<li style=\"font-weight: 400;\" aria-level=\"1\"><a href=\"https:\/\/histoire-et-resumes.com\/index.php\/le-resume-de-lhistoire\/les-resumes\/resume-de-lepoque-contemporaine\/\" target=\"_blank\" rel=\"noopener\"><span style=\"font-weight: 400;\">l&rsquo;\u00c9poque Contemporaine<\/span><\/a><\/li>\n<\/ul>\n<\/li>\n<\/ul>\n<p><span style=\"font-weight: 400;\">Selon vos pr\u00e9f\u00e9rences, le contenu est disponible \u00e0 la fois au format vid\u00e9o, podcast ou sous forme d\u2019article.<\/span><\/p>\n<p><span style=\"font-weight: 400;\">En compl\u00e9ment, une fiche de synth\u00e8se gratuite et t\u00e9l\u00e9chargeable reprend les principales informations.<\/span><\/p>\n<p><img decoding=\"async\" class=\"alignnone wp-image-238\" src=\"https:\/\/histoire-et-resumes.com\/wp-content\/uploads\/2023\/09\/Fiche-Synthese-Generale-300x169.jpg\" alt=\"\" width=\"650\" height=\"366\" srcset=\"https:\/\/histoire-et-resumes.com\/wp-content\/uploads\/2023\/09\/Fiche-Synthese-Generale-300x169.jpg 300w, https:\/\/histoire-et-resumes.com\/wp-content\/uploads\/2023\/09\/Fiche-Synthese-Generale-1024x576.jpg 1024w, https:\/\/histoire-et-resumes.com\/wp-content\/uploads\/2023\/09\/Fiche-Synthese-Generale-768x432.jpg 768w, https:\/\/histoire-et-resumes.com\/wp-content\/uploads\/2023\/09\/Fiche-Synthese-Generale-1536x864.jpg 1536w, https:\/\/histoire-et-resumes.com\/wp-content\/uploads\/2023\/09\/Fiche-Synthese-Generale.jpg 1920w\" sizes=\"(max-width: 650px) 100vw, 650px\" \/><\/p>\n<p style=\"text-align: center;\"><a href=\"https:\/\/misterfanjo.podia.com\/p02-resume-de-l-histoire-fiche-de-synthese\" target=\"_blank\" rel=\"noopener\"><span style=\"font-weight: 400;\">T\u00e9l\u00e9chargez la fiche<\/span><\/a><\/p>\n<h2><span class=\"ez-toc-section\" id=\"Un_programme_PREMIUM\"><\/span><strong>Un programme PREMIUM*<\/strong><span class=\"ez-toc-section-end\"><\/span><\/h2>\n<p><img decoding=\"async\" class=\"alignnone wp-image-478\" src=\"https:\/\/histoire-et-resumes.com\/wp-content\/uploads\/2024\/04\/Contenu-du-programme-PREMIUM-1-300x169.jpg\" alt=\"\" width=\"788\" height=\"444\" srcset=\"https:\/\/histoire-et-resumes.com\/wp-content\/uploads\/2024\/04\/Contenu-du-programme-PREMIUM-1-300x169.jpg 300w, https:\/\/histoire-et-resumes.com\/wp-content\/uploads\/2024\/04\/Contenu-du-programme-PREMIUM-1-1024x576.jpg 1024w, https:\/\/histoire-et-resumes.com\/wp-content\/uploads\/2024\/04\/Contenu-du-programme-PREMIUM-1-768x432.jpg 768w, https:\/\/histoire-et-resumes.com\/wp-content\/uploads\/2024\/04\/Contenu-du-programme-PREMIUM-1-1536x864.jpg 1536w, https:\/\/histoire-et-resumes.com\/wp-content\/uploads\/2024\/04\/Contenu-du-programme-PREMIUM-1.jpg 1920w\" sizes=\"(max-width: 767px) 89vw, (max-width: 1000px) 54vw, (max-width: 1071px) 543px, 580px\" \/><\/p>\n<p style=\"text-align: center;\"><a href=\"https:\/\/misterfanjo.podia.com\/p02-resume-de-l-histoire-pack-premium\" target=\"_blank\" rel=\"noopener\"><span style=\"font-weight: 400;\">En savoir plus<\/span><\/a><\/p>\n<p><span style=\"font-weight: 400;\">En compl\u00e9ment, et pour le prix d&rsquo;un cours avec un prof particulier, profitez d\u2019avantages suppl\u00e9mentaires :\u00a0<\/span><\/p>\n<ul>\n<li style=\"list-style-type: none;\">\n<ul>\n<li style=\"font-weight: 400;\" aria-level=\"1\"><span style=\"font-weight: 400;\">Consultez rapidement l&rsquo;information gr\u00e2ce \u00e0 des fiches synth\u00e9tiques claires<\/span><\/li>\n<li style=\"font-weight: 400;\" aria-level=\"1\"><span style=\"font-weight: 400;\">Retrouvez tout ce que vous devez savoir dans un livret complet<\/span><\/li>\n<li style=\"font-weight: 400;\" aria-level=\"1\"><span style=\"font-weight: 400;\">Evitez les publicit\u00e9s et posez vos questions depuis un espace membre d\u00e9di\u00e9<\/span><\/li>\n<li style=\"font-weight: 400;\" aria-level=\"1\"><span style=\"font-weight: 400;\">Testez vos connaissances et facilitez leur m\u00e9morisation gr\u00e2ce \u00e0 des QCM<\/span><\/li>\n<\/ul>\n<\/li>\n<\/ul>\n<p><span style=\"font-weight: 400;\">*Le contenu du pack PREMIUM est garanti \u201csatisfait ou rembours\u00e9\u201d<\/span><\/p>\n<p style=\"text-align: center;\"><a href=\"https:\/\/misterfanjo.podia.com\/p02-resume-de-l-histoire-pack-premium\"><span style=\"font-weight: 400;\">En savoir plus<\/span><\/a><\/p>\n<h2><span class=\"ez-toc-section\" id=\"Pour_rejoindre_laventure\"><\/span><strong>Pour rejoindre l\u2019aventure<\/strong><span class=\"ez-toc-section-end\"><\/span><\/h2>\n<p><span style=\"font-weight: 400;\">Rendez-vous sur la page d\u2019accueil du <\/span><a href=\"https:\/\/histoire-et-resumes.com\/\"><span style=\"font-weight: 400;\">R\u00e9sum\u00e9 de l\u2019Histoire<\/span><\/a><\/p>\n","protected":false},"excerpt":{"rendered":"<p>&nbsp; R\u00e9sumer en 10 minutes et de mani\u00e8re p\u00e9dagogique les 5 grandes p\u00e9riodes historiques (Pr\u00e9histoire, Antiquit\u00e9, Moyen-\u00c2ge, Temps modernes, \u00c9poque contemporaine). Voici l\u2019objet de ce r\u00e9sum\u00e9 de l\u2019Histoire. C\u2019est parti pour quelques explications ! Vid\u00e9o Parfaire sa culture historique : une gal\u00e8re ?! L\u2019apprentissage ou r\u00e9apprentissage de l&rsquo;Histoire est d\u00e9courageant et fastidieux car :\u00a0 nous manquons de temps et nous pr\u00e9f\u00e9rons faire autre chose les informations sont denses et difficiles \u00e0 appr\u00e9hender et surtout on ne sait pas par o\u00f9 commencer Et si am\u00e9liorer sa culture historique devenait facile gr\u00e2ce \u00e0 un r\u00e9sum\u00e9 p\u00e9dagogique. Un r\u00e9sum\u00e9 de l\u2019Histoire 5 \u00e9pisodes de 5 minutes synth\u00e9tisent l&rsquo;essentiel des 5 grandes p\u00e9riodes historiques que sont\u00a0 la Pr\u00e9histoire l&rsquo;Antiquit\u00e9 le Moyen-Age les Temps Modernes l&rsquo;\u00c9poque Contemporaine Selon vos pr\u00e9f\u00e9rences, le contenu est disponible \u00e0 la fois au format vid\u00e9o, podcast ou sous forme d\u2019article. En compl\u00e9ment, une fiche de synth\u00e8se gratuite et t\u00e9l\u00e9chargeable reprend les principales informations. T\u00e9l\u00e9chargez la fiche Un programme PREMIUM* En savoir plus En compl\u00e9ment, et pour le prix d&rsquo;un cours avec un prof particulier, profitez d\u2019avantages suppl\u00e9mentaires :\u00a0 Consultez rapidement l&rsquo;information gr\u00e2ce \u00e0 des fiches synth\u00e9tiques claires Retrouvez tout ce que vous devez savoir dans un livret complet Evitez les publicit\u00e9s et posez vos questions depuis un espace membre d\u00e9di\u00e9 Testez vos connaissances et facilitez leur m\u00e9morisation gr\u00e2ce \u00e0 des QCM *Le contenu du pack PREMIUM est garanti \u201csatisfait ou rembours\u00e9\u201d En savoir plus Pour rejoindre l\u2019aventure Rendez-vous sur la page d\u2019accueil du R\u00e9sum\u00e9 de l\u2019Histoire<\/p>\n","protected":false},"author":1,"featured_media":0,"parent":103,"menu_order":0,"comment_status":"closed","ping_status":"closed","template":"","meta":{"footnotes":""},"class_list":["post-414","page","type-page","status-publish","hentry"],"yoast_head":"<!-- This site is optimized with the Yoast SEO plugin v27.4 - https:\/\/yoast.com\/product\/yoast-seo-wordpress\/ -->\n<title>Pr\u00e9sentation du r\u00e9sum\u00e9 de l&#039;Histoire<\/title>\n<meta name=\"description\" content=\"\u27bd Cliquez ici pour d\u00e9couvrir un r\u00e9sum\u00e9 des 5 grandes p\u00e9riodes historiques avec ce r\u00e9sum\u00e9 de l&#039;Histoire. C&#039;est parti ! \u2705\" \/>\n<meta name=\"robots\" content=\"index, follow, max-snippet:-1, max-image-preview:large, max-video-preview:-1\" \/>\n<link rel=\"canonical\" href=\"https:\/\/histoire-et-resumes.com\/index.php\/le-resume-de-lhistoire\/infos-generales\/resume-de-lhistoire\/\" \/>\n<meta property=\"og:locale\" content=\"fr_FR\" \/>\n<meta property=\"og:type\" content=\"article\" \/>\n<meta property=\"og:title\" content=\"Pr\u00e9sentation du r\u00e9sum\u00e9 de l&#039;Histoire\" \/>\n<meta property=\"og:description\" content=\"\u27bd Cliquez ici pour d\u00e9couvrir un r\u00e9sum\u00e9 des 5 grandes p\u00e9riodes historiques avec ce r\u00e9sum\u00e9 de l&#039;Histoire. C&#039;est parti ! \u2705\" \/>\n<meta property=\"og:url\" content=\"https:\/\/histoire-et-resumes.com\/index.php\/le-resume-de-lhistoire\/infos-generales\/resume-de-lhistoire\/\" \/>\n<meta property=\"og:site_name\" content=\"R\u00e9sum\u00e9 de l&#039;Histoire\" \/>\n<meta property=\"article:modified_time\" content=\"2025-04-02T08:20:19+00:00\" \/>\n<meta property=\"og:image\" content=\"https:\/\/histoire-et-resumes.com\/wp-content\/uploads\/2024\/04\/Illustration-Presentation-du-projet-P02-300x169.jpg\" \/>\n<meta name=\"twitter:card\" content=\"summary_large_image\" \/>\n<meta name=\"twitter:site\" content=\"@misterfanjo\" \/>\n<meta name=\"twitter:label1\" content=\"Dur\u00e9e de lecture estim\u00e9e\" \/>\n\t<meta name=\"twitter:data1\" content=\"2 minutes\" \/>\n<script type=\"application\/ld+json\" class=\"yoast-schema-graph\">{\"@context\":\"https:\\\/\\\/schema.org\",\"@graph\":[{\"@type\":\"WebPage\",\"@id\":\"https:\\\/\\\/histoire-et-resumes.com\\\/index.php\\\/le-resume-de-lhistoire\\\/infos-generales\\\/resume-de-lhistoire\\\/\",\"url\":\"https:\\\/\\\/histoire-et-resumes.com\\\/index.php\\\/le-resume-de-lhistoire\\\/infos-generales\\\/resume-de-lhistoire\\\/\",\"name\":\"Pr\u00e9sentation du r\u00e9sum\u00e9 de l'Histoire\",\"isPartOf\":{\"@id\":\"https:\\\/\\\/histoire-et-resumes.com\\\/#website\"},\"primaryImageOfPage\":{\"@id\":\"https:\\\/\\\/histoire-et-resumes.com\\\/index.php\\\/le-resume-de-lhistoire\\\/infos-generales\\\/resume-de-lhistoire\\\/#primaryimage\"},\"image\":{\"@id\":\"https:\\\/\\\/histoire-et-resumes.com\\\/index.php\\\/le-resume-de-lhistoire\\\/infos-generales\\\/resume-de-lhistoire\\\/#primaryimage\"},\"thumbnailUrl\":\"https:\\\/\\\/histoire-et-resumes.com\\\/wp-content\\\/uploads\\\/2024\\\/04\\\/Illustration-Presentation-du-projet-P02-300x169.jpg\",\"datePublished\":\"2024-04-04T05:32:10+00:00\",\"dateModified\":\"2025-04-02T08:20:19+00:00\",\"description\":\"\u27bd Cliquez ici pour d\u00e9couvrir un r\u00e9sum\u00e9 des 5 grandes p\u00e9riodes historiques avec ce r\u00e9sum\u00e9 de l'Histoire. C'est parti ! \u2705\",\"breadcrumb\":{\"@id\":\"https:\\\/\\\/histoire-et-resumes.com\\\/index.php\\\/le-resume-de-lhistoire\\\/infos-generales\\\/resume-de-lhistoire\\\/#breadcrumb\"},\"inLanguage\":\"fr-FR\",\"potentialAction\":[{\"@type\":\"ReadAction\",\"target\":[\"https:\\\/\\\/histoire-et-resumes.com\\\/index.php\\\/le-resume-de-lhistoire\\\/infos-generales\\\/resume-de-lhistoire\\\/\"]}]},{\"@type\":\"ImageObject\",\"inLanguage\":\"fr-FR\",\"@id\":\"https:\\\/\\\/histoire-et-resumes.com\\\/index.php\\\/le-resume-de-lhistoire\\\/infos-generales\\\/resume-de-lhistoire\\\/#primaryimage\",\"url\":\"https:\\\/\\\/histoire-et-resumes.com\\\/wp-content\\\/uploads\\\/2024\\\/04\\\/Illustration-Presentation-du-projet-P02-scaled.jpg\",\"contentUrl\":\"https:\\\/\\\/histoire-et-resumes.com\\\/wp-content\\\/uploads\\\/2024\\\/04\\\/Illustration-Presentation-du-projet-P02-scaled.jpg\",\"width\":2560,\"height\":1440},{\"@type\":\"BreadcrumbList\",\"@id\":\"https:\\\/\\\/histoire-et-resumes.com\\\/index.php\\\/le-resume-de-lhistoire\\\/infos-generales\\\/resume-de-lhistoire\\\/#breadcrumb\",\"itemListElement\":[{\"@type\":\"ListItem\",\"position\":1,\"name\":\"Accueil\",\"item\":\"https:\\\/\\\/histoire-et-resumes.com\\\/\"},{\"@type\":\"ListItem\",\"position\":2,\"name\":\"Le r\u00e9sum\u00e9 de l&rsquo;Histoire\",\"item\":\"https:\\\/\\\/histoire-et-resumes.com\\\/\"},{\"@type\":\"ListItem\",\"position\":3,\"name\":\"Infos g\u00e9n\u00e9rales\",\"item\":\"https:\\\/\\\/histoire-et-resumes.com\\\/index.php\\\/le-resume-de-lhistoire\\\/infos-generales\\\/\"},{\"@type\":\"ListItem\",\"position\":4,\"name\":\"Pr\u00e9sentation du r\u00e9sum\u00e9 de l&rsquo;Histoire\"}]},{\"@type\":\"WebSite\",\"@id\":\"https:\\\/\\\/histoire-et-resumes.com\\\/#website\",\"url\":\"https:\\\/\\\/histoire-et-resumes.com\\\/\",\"name\":\"L'Histoire en un coup d'\u0153il\",\"description\":\"Un r\u00e9sum\u00e9 des 5 grandes p\u00e9riodes historiques.\",\"potentialAction\":[{\"@type\":\"SearchAction\",\"target\":{\"@type\":\"EntryPoint\",\"urlTemplate\":\"https:\\\/\\\/histoire-et-resumes.com\\\/?s={search_term_string}\"},\"query-input\":{\"@type\":\"PropertyValueSpecification\",\"valueRequired\":true,\"valueName\":\"search_term_string\"}}],\"inLanguage\":\"fr-FR\"}]}<\/script>\n<!-- \/ Yoast SEO plugin. -->","yoast_head_json":{"title":"Pr\u00e9sentation du r\u00e9sum\u00e9 de l'Histoire","description":"\u27bd Cliquez ici pour d\u00e9couvrir un r\u00e9sum\u00e9 des 5 grandes p\u00e9riodes historiques avec ce r\u00e9sum\u00e9 de l'Histoire. C'est parti ! \u2705","robots":{"index":"index","follow":"follow","max-snippet":"max-snippet:-1","max-image-preview":"max-image-preview:large","max-video-preview":"max-video-preview:-1"},"canonical":"https:\/\/histoire-et-resumes.com\/index.php\/le-resume-de-lhistoire\/infos-generales\/resume-de-lhistoire\/","og_locale":"fr_FR","og_type":"article","og_title":"Pr\u00e9sentation du r\u00e9sum\u00e9 de l'Histoire","og_description":"\u27bd Cliquez ici pour d\u00e9couvrir un r\u00e9sum\u00e9 des 5 grandes p\u00e9riodes historiques avec ce r\u00e9sum\u00e9 de l'Histoire. C'est parti ! \u2705","og_url":"https:\/\/histoire-et-resumes.com\/index.php\/le-resume-de-lhistoire\/infos-generales\/resume-de-lhistoire\/","og_site_name":"R\u00e9sum\u00e9 de l&#039;Histoire","article_modified_time":"2025-04-02T08:20:19+00:00","og_image":[{"url":"https:\/\/histoire-et-resumes.com\/wp-content\/uploads\/2024\/04\/Illustration-Presentation-du-projet-P02-300x169.jpg","type":"","width":"","height":""}],"twitter_card":"summary_large_image","twitter_site":"@misterfanjo","twitter_misc":{"Dur\u00e9e de lecture estim\u00e9e":"2 minutes"},"schema":{"@context":"https:\/\/schema.org","@graph":[{"@type":"WebPage","@id":"https:\/\/histoire-et-resumes.com\/index.php\/le-resume-de-lhistoire\/infos-generales\/resume-de-lhistoire\/","url":"https:\/\/histoire-et-resumes.com\/index.php\/le-resume-de-lhistoire\/infos-generales\/resume-de-lhistoire\/","name":"Pr\u00e9sentation du r\u00e9sum\u00e9 de l'Histoire","isPartOf":{"@id":"https:\/\/histoire-et-resumes.com\/#website"},"primaryImageOfPage":{"@id":"https:\/\/histoire-et-resumes.com\/index.php\/le-resume-de-lhistoire\/infos-generales\/resume-de-lhistoire\/#primaryimage"},"image":{"@id":"https:\/\/histoire-et-resumes.com\/index.php\/le-resume-de-lhistoire\/infos-generales\/resume-de-lhistoire\/#primaryimage"},"thumbnailUrl":"https:\/\/histoire-et-resumes.com\/wp-content\/uploads\/2024\/04\/Illustration-Presentation-du-projet-P02-300x169.jpg","datePublished":"2024-04-04T05:32:10+00:00","dateModified":"2025-04-02T08:20:19+00:00","description":"\u27bd Cliquez ici pour d\u00e9couvrir un r\u00e9sum\u00e9 des 5 grandes p\u00e9riodes historiques avec ce r\u00e9sum\u00e9 de l'Histoire. C'est parti ! \u2705","breadcrumb":{"@id":"https:\/\/histoire-et-resumes.com\/index.php\/le-resume-de-lhistoire\/infos-generales\/resume-de-lhistoire\/#breadcrumb"},"inLanguage":"fr-FR","potentialAction":[{"@type":"ReadAction","target":["https:\/\/histoire-et-resumes.com\/index.php\/le-resume-de-lhistoire\/infos-generales\/resume-de-lhistoire\/"]}]},{"@type":"ImageObject","inLanguage":"fr-FR","@id":"https:\/\/histoire-et-resumes.com\/index.php\/le-resume-de-lhistoire\/infos-generales\/resume-de-lhistoire\/#primaryimage","url":"https:\/\/histoire-et-resumes.com\/wp-content\/uploads\/2024\/04\/Illustration-Presentation-du-projet-P02-scaled.jpg","contentUrl":"https:\/\/histoire-et-resumes.com\/wp-content\/uploads\/2024\/04\/Illustration-Presentation-du-projet-P02-scaled.jpg","width":2560,"height":1440},{"@type":"BreadcrumbList","@id":"https:\/\/histoire-et-resumes.com\/index.php\/le-resume-de-lhistoire\/infos-generales\/resume-de-lhistoire\/#breadcrumb","itemListElement":[{"@type":"ListItem","position":1,"name":"Accueil","item":"https:\/\/histoire-et-resumes.com\/"},{"@type":"ListItem","position":2,"name":"Le r\u00e9sum\u00e9 de l&rsquo;Histoire","item":"https:\/\/histoire-et-resumes.com\/"},{"@type":"ListItem","position":3,"name":"Infos g\u00e9n\u00e9rales","item":"https:\/\/histoire-et-resumes.com\/index.php\/le-resume-de-lhistoire\/infos-generales\/"},{"@type":"ListItem","position":4,"name":"Pr\u00e9sentation du r\u00e9sum\u00e9 de l&rsquo;Histoire"}]},{"@type":"WebSite","@id":"https:\/\/histoire-et-resumes.com\/#website","url":"https:\/\/histoire-et-resumes.com\/","name":"L'Histoire en un coup d'\u0153il","description":"Un r\u00e9sum\u00e9 des 5 grandes p\u00e9riodes historiques.","potentialAction":[{"@type":"SearchAction","target":{"@type":"EntryPoint","urlTemplate":"https:\/\/histoire-et-resumes.com\/?s={search_term_string}"},"query-input":{"@type":"PropertyValueSpecification","valueRequired":true,"valueName":"search_term_string"}}],"inLanguage":"fr-FR"}]}},"_links":{"self":[{"href":"https:\/\/histoire-et-resumes.com\/index.php\/wp-json\/wp\/v2\/pages\/414","targetHints":{"allow":["GET"]}}],"collection":[{"href":"https:\/\/histoire-et-resumes.com\/index.php\/wp-json\/wp\/v2\/pages"}],"about":[{"href":"https:\/\/histoire-et-resumes.com\/index.php\/wp-json\/wp\/v2\/types\/page"}],"author":[{"embeddable":true,"href":"https:\/\/histoire-et-resumes.com\/index.php\/wp-json\/wp\/v2\/users\/1"}],"replies":[{"embeddable":true,"href":"https:\/\/histoire-et-resumes.com\/index.php\/wp-json\/wp\/v2\/comments?post=414"}],"version-history":[{"count":6,"href":"https:\/\/histoire-et-resumes.com\/index.php\/wp-json\/wp\/v2\/pages\/414\/revisions"}],"predecessor-version":[{"id":728,"href":"https:\/\/histoire-et-resumes.com\/index.php\/wp-json\/wp\/v2\/pages\/414\/revisions\/728"}],"up":[{"embeddable":true,"href":"https:\/\/histoire-et-resumes.com\/index.php\/wp-json\/wp\/v2\/pages\/103"}],"wp:attachment":[{"href":"https:\/\/histoire-et-resumes.com\/index.php\/wp-json\/wp\/v2\/media?parent=414"}],"curies":[{"name":"wp","href":"https:\/\/api.w.org\/{rel}","templated":true}]}}