{"id":101,"date":"2023-07-09T09:52:47","date_gmt":"2023-07-09T07:52:47","guid":{"rendered":"https:\/\/histoire-et-resumes.com\/?page_id=101"},"modified":"2024-04-04T08:12:08","modified_gmt":"2024-04-04T06:12:08","slug":"plan-du-site","status":"publish","type":"page","link":"https:\/\/histoire-et-resumes.com\/index.php\/le-resume-de-lhistoire\/infos-generales\/plan-du-site\/","title":{"rendered":"Plan du site"},"content":{"rendered":"<div class=\"wsp-container\"><h2 class=\"wsp-pages-title\">Pages<\/h2>\n<ul class=\"wsp-pages-list\">\n<li class=\"page_item page-item-168 page_item_has_children\"><a href=\"https:\/\/histoire-et-resumes.com\/\">Le r\u00e9sum\u00e9 de l&rsquo;Histoire<\/a>\n<ul class='children'>\n\t<li class=\"page_item page-item-418 page_item_has_children\"><a href=\"https:\/\/histoire-et-resumes.com\/index.php\/le-resume-de-lhistoire\/espace-membre-premium\/\">Espace Membre Premium<\/a>\n\t<ul class='children'>\n\t\t<li class=\"page_item page-item-65 page_item_has_children\"><a href=\"https:\/\/histoire-et-resumes.com\/index.php\/le-resume-de-lhistoire\/espace-membre-premium\/les-episodes\/\">Les \u00e9pisodes<\/a>\n\t\t<ul class='children'>\n\t\t\t<li class=\"page_item page-item-37\"><a href=\"https:\/\/histoire-et-resumes.com\/index.php\/le-resume-de-lhistoire\/espace-membre-premium\/les-episodes\/introduction\/\">Introduction<\/a><\/li>\n\t\t\t<li class=\"page_item page-item-39\"><a href=\"https:\/\/histoire-et-resumes.com\/index.php\/le-resume-de-lhistoire\/espace-membre-premium\/les-episodes\/lantiquite\/\">L&rsquo;Antiquit\u00e9<\/a><\/li>\n\t\t\t<li class=\"page_item page-item-42\"><a href=\"https:\/\/histoire-et-resumes.com\/index.php\/le-resume-de-lhistoire\/espace-membre-premium\/les-episodes\/lepoque-contemporaine\/\">L&rsquo;Epoque Contemporaine<\/a><\/li>\n\t\t\t<li class=\"page_item page-item-40\"><a href=\"https:\/\/histoire-et-resumes.com\/index.php\/le-resume-de-lhistoire\/espace-membre-premium\/les-episodes\/le-moyen-age\/\">Le Moyen-\u00c2ge<\/a><\/li>\n\t\t\t<li class=\"page_item page-item-41\"><a href=\"https:\/\/histoire-et-resumes.com\/index.php\/le-resume-de-lhistoire\/espace-membre-premium\/les-episodes\/les-temps-modernes\/\">Les Temps Modernes<\/a><\/li>\n\t\t\t<li class=\"page_item page-item-218\"><a href=\"https:\/\/histoire-et-resumes.com\/index.php\/le-resume-de-lhistoire\/espace-membre-premium\/les-episodes\/synthese-generale\/\">Synth\u00e8se g\u00e9n\u00e9rale<\/a><\/li>\n\t\t\t<li class=\"page_item page-item-38\"><a href=\"https:\/\/histoire-et-resumes.com\/index.php\/le-resume-de-lhistoire\/espace-membre-premium\/les-episodes\/la-prehistoire\/\">La Pr\u00e9histoire<\/a><\/li>\n\t\t<\/ul>\n<\/li>\n\t\t<li class=\"page_item page-item-180\"><a href=\"https:\/\/histoire-et-resumes.com\/index.php\/le-resume-de-lhistoire\/espace-membre-premium\/les-fiches-et-le-livret\/\">Les fiches &#038; le Livret<\/a><\/li>\n\t\t<li class=\"page_item page-item-441 page_item_has_children\"><a href=\"https:\/\/histoire-et-resumes.com\/index.php\/le-resume-de-lhistoire\/espace-membre-premium\/les-qcm\/\">Les QCM<\/a>\n\t\t<ul class='children'>\n\t\t\t<li class=\"page_item page-item-447\"><a href=\"https:\/\/histoire-et-resumes.com\/index.php\/le-resume-de-lhistoire\/espace-membre-premium\/les-qcm\/qcm-de-demarrage\/\">QCM de d\u00e9marrage<\/a><\/li>\n\t\t\t<li class=\"page_item page-item-456\"><a href=\"https:\/\/histoire-et-resumes.com\/index.php\/le-resume-de-lhistoire\/espace-membre-premium\/les-qcm\/qcm-final\/\">QCM final<\/a><\/li>\n\t\t\t<li class=\"page_item page-item-446\"><a href=\"https:\/\/histoire-et-resumes.com\/index.php\/le-resume-de-lhistoire\/espace-membre-premium\/les-qcm\/qcm-sur-lantiquite\/\">QCM sur l&rsquo;Antiquit\u00e9<\/a><\/li>\n\t\t\t<li class=\"page_item page-item-454\"><a href=\"https:\/\/histoire-et-resumes.com\/index.php\/le-resume-de-lhistoire\/espace-membre-premium\/les-qcm\/qcm-sur-lepoque-contemporaine\/\">QCM sur l&rsquo;\u00e9poque contemporaine<\/a><\/li>\n\t\t\t<li class=\"page_item page-item-444\"><a href=\"https:\/\/histoire-et-resumes.com\/index.php\/le-resume-de-lhistoire\/espace-membre-premium\/les-qcm\/qcm-sur-la-prehistoire\/\">QCM sur la Pr\u00e9histoire<\/a><\/li>\n\t\t\t<li class=\"page_item page-item-450\"><a href=\"https:\/\/histoire-et-resumes.com\/index.php\/le-resume-de-lhistoire\/espace-membre-premium\/les-qcm\/qcm-sur-le-moyen-age\/\">QCM sur le Moyen-\u00c2ge<\/a><\/li>\n\t\t\t<li class=\"page_item page-item-452\"><a href=\"https:\/\/histoire-et-resumes.com\/index.php\/le-resume-de-lhistoire\/espace-membre-premium\/les-qcm\/qcm-sur-les-temps-modernes\/\">QCM sur les Temps modernes<\/a><\/li>\n\t\t<\/ul>\n<\/li>\n\t\t<li class=\"page_item page-item-69\"><a href=\"https:\/\/histoire-et-resumes.com\/index.php\/le-resume-de-lhistoire\/espace-membre-premium\/les-questions-des-membres\/\">Les questions des membres<\/a><\/li>\n\t\t<li class=\"page_item page-item-142\"><a href=\"https:\/\/histoire-et-resumes.com\/index.php\/le-resume-de-lhistoire\/espace-membre-premium\/presentation-du-programme\/\">Pr\u00e9sentation du programme<\/a><\/li>\n\t<\/ul>\n<\/li>\n\t<li class=\"page_item page-item-103 page_item_has_children\"><a href=\"https:\/\/histoire-et-resumes.com\/index.php\/le-resume-de-lhistoire\/infos-generales\/\">Infos g\u00e9n\u00e9rales<\/a>\n\t<ul class='children'>\n\t\t<li class=\"page_item page-item-96\"><a href=\"https:\/\/histoire-et-resumes.com\/index.php\/le-resume-de-lhistoire\/infos-generales\/a-propos\/\">A propos<\/a><\/li>\n\t\t<li class=\"page_item page-item-629\"><a href=\"https:\/\/histoire-et-resumes.com\/index.php\/le-resume-de-lhistoire\/infos-generales\/conditions-generales-de-vente-cgv\/\">Conditions G\u00e9n\u00e9rales de Vente &#8211; CGV<\/a><\/li>\n\t\t<li class=\"page_item page-item-459\"><a href=\"https:\/\/histoire-et-resumes.com\/index.php\/le-resume-de-lhistoire\/infos-generales\/faq-2\/\">FAQ<\/a><\/li>\n\t\t<li class=\"page_item page-item-435\"><a href=\"https:\/\/histoire-et-resumes.com\/index.php\/le-resume-de-lhistoire\/infos-generales\/le-pack-premium\/\">Le Pack PREMIUM<\/a><\/li>\n\t\t<li class=\"page_item page-item-101\"><a href=\"https:\/\/histoire-et-resumes.com\/index.php\/le-resume-de-lhistoire\/infos-generales\/plan-du-site\/\">Plan du site<\/a><\/li>\n\t\t<li class=\"page_item page-item-3\"><a href=\"https:\/\/histoire-et-resumes.com\/index.php\/le-resume-de-lhistoire\/infos-generales\/politique-de-confidentialite\/\">Politique de confidentialit\u00e9<\/a><\/li>\n\t\t<li class=\"page_item page-item-414\"><a href=\"https:\/\/histoire-et-resumes.com\/index.php\/le-resume-de-lhistoire\/infos-generales\/resume-de-lhistoire\/\">Pr\u00e9sentation du r\u00e9sum\u00e9 de l&rsquo;Histoire<\/a><\/li>\n\t<\/ul>\n<\/li>\n\t<li class=\"page_item page-item-421 page_item_has_children\"><a href=\"https:\/\/histoire-et-resumes.com\/index.php\/le-resume-de-lhistoire\/les-resumes\/\">Les r\u00e9sum\u00e9s<\/a>\n\t<ul class='children'>\n\t\t<li class=\"page_item page-item-425\"><a href=\"https:\/\/histoire-et-resumes.com\/index.php\/le-resume-de-lhistoire\/les-resumes\/resume-de-lantiquite\/\">R\u00e9sum\u00e9 de l&rsquo;Antiquit\u00e9<\/a><\/li>\n\t\t<li class=\"page_item page-item-431\"><a href=\"https:\/\/histoire-et-resumes.com\/index.php\/le-resume-de-lhistoire\/les-resumes\/resume-de-lepoque-contemporaine\/\">R\u00e9sum\u00e9 de l&rsquo;\u00e9poque contemporaine<\/a><\/li>\n\t\t<li class=\"page_item page-item-423\"><a href=\"https:\/\/histoire-et-resumes.com\/index.php\/le-resume-de-lhistoire\/les-resumes\/resume-de-la-prehistoire\/\">R\u00e9sum\u00e9 de la Pr\u00e9histoire<\/a><\/li>\n\t\t<li class=\"page_item page-item-429\"><a href=\"https:\/\/histoire-et-resumes.com\/index.php\/le-resume-de-lhistoire\/les-resumes\/resume-des-temps-modernes\/\">R\u00e9sum\u00e9 des Temps modernes<\/a><\/li>\n\t\t<li class=\"page_item page-item-427\"><a href=\"https:\/\/histoire-et-resumes.com\/index.php\/le-resume-de-lhistoire\/les-resumes\/resume-du-moyen-age\/\">R\u00e9sum\u00e9 du Moyen-\u00c2ge<\/a><\/li>\n\t\t<li class=\"page_item page-item-568\"><a href=\"https:\/\/histoire-et-resumes.com\/index.php\/le-resume-de-lhistoire\/les-resumes\/testez-vos-connaissances-en-histoire\/\">Testez vos connaissances en Histoire<\/a><\/li>\n\t<\/ul>\n<\/li>\n<\/ul>\n<\/li>\n<\/ul>\n<h2 class=\"wsp-qsm_quizs-title\">Quiz et Sondages<\/h2>\n<ul class=\"wsp-qsm_quizs-list\">\n<li><a href=\"https:\/\/histoire-et-resumes.com\/index.php\/qsm_quiz\/qcm-testez-vos-connaissances-en-histoire-2\/\">QCM - Testez vos connaissances en Histoire<\/a><\/li>\n<li><a href=\"https:\/\/histoire-et-resumes.com\/index.php\/qsm_quiz\/qcm-final\/\">QCM final<\/a><\/li>\n<li><a href=\"https:\/\/histoire-et-resumes.com\/index.php\/qsm_quiz\/qcm-sur-lepoque-contemporaine\/\">QCM sur l&#039;\u00e9poque contemporaine<\/a><\/li>\n<li><a href=\"https:\/\/histoire-et-resumes.com\/index.php\/qsm_quiz\/quiz-sur-les-temps-modernes\/\">Quiz sur les temps modernes<\/a><\/li>\n<li><a href=\"https:\/\/histoire-et-resumes.com\/index.php\/qsm_quiz\/qcm-sur-le-moyen-age\/\">QCM sur le Moyen-Age<\/a><\/li>\n<li><a href=\"https:\/\/histoire-et-resumes.com\/index.php\/qsm_quiz\/qcm-sur-lantiquite\/\">QCM sur l&#039;Antiquit\u00e9<\/a><\/li>\n<li><a href=\"https:\/\/histoire-et-resumes.com\/index.php\/qsm_quiz\/qcm-sur-la-prehistoire\/\">QCM sur la Pr\u00e9histoire<\/a><\/li>\n<li><a href=\"https:\/\/histoire-et-resumes.com\/index.php\/qsm_quiz\/qcm-pour-demarrer\/\">QCM - Pour d\u00e9marrer<\/a><\/li>\n<\/ul>\n<\/div>\n","protected":false},"excerpt":{"rendered":"","protected":false},"author":1,"featured_media":0,"parent":103,"menu_order":0,"comment_status":"closed","ping_status":"closed","template":"","meta":{"footnotes":""},"class_list":["post-101","page","type-page","status-publish","hentry"],"yoast_head":"<!-- This site is optimized with the Yoast SEO plugin v27.6 - https:\/\/yoast.com\/product\/yoast-seo-wordpress\/ -->\n<title>Plan du site - R\u00e9sum\u00e9 de l&#039;Histoire<\/title>\n<meta name=\"description\" content=\"\u27bd Cliquez ici pour d\u00e9couvrir le plan du site du r\u00e9sum\u00e9 sur l&#039;Histoire \u2705\" \/>\n<meta name=\"robots\" content=\"index, follow, max-snippet:-1, max-image-preview:large, max-video-preview:-1\" \/>\n<link rel=\"canonical\" href=\"https:\/\/histoire-et-resumes.com\/index.php\/le-resume-de-lhistoire\/infos-generales\/plan-du-site\/\" \/>\n<meta property=\"og:locale\" content=\"fr_FR\" \/>\n<meta property=\"og:type\" content=\"article\" \/>\n<meta property=\"og:title\" content=\"Plan du site - R\u00e9sum\u00e9 de l&#039;Histoire\" \/>\n<meta property=\"og:description\" content=\"\u27bd Cliquez ici pour d\u00e9couvrir le plan du site du r\u00e9sum\u00e9 sur l&#039;Histoire \u2705\" \/>\n<meta property=\"og:url\" content=\"https:\/\/histoire-et-resumes.com\/index.php\/le-resume-de-lhistoire\/infos-generales\/plan-du-site\/\" \/>\n<meta property=\"og:site_name\" content=\"R\u00e9sum\u00e9 de l&#039;Histoire\" \/>\n<meta property=\"article:modified_time\" content=\"2024-04-04T06:12:08+00:00\" \/>\n<meta name=\"twitter:card\" content=\"summary_large_image\" \/>\n<meta name=\"twitter:site\" content=\"@misterfanjo\" \/>\n<meta name=\"twitter:label1\" content=\"Dur\u00e9e de lecture estim\u00e9e\" \/>\n\t<meta name=\"twitter:data1\" content=\"1 minute\" \/>\n<script type=\"application\/ld+json\" class=\"yoast-schema-graph\">{\"@context\":\"https:\\\/\\\/schema.org\",\"@graph\":[{\"@type\":\"WebPage\",\"@id\":\"https:\\\/\\\/histoire-et-resumes.com\\\/index.php\\\/le-resume-de-lhistoire\\\/infos-generales\\\/plan-du-site\\\/\",\"url\":\"https:\\\/\\\/histoire-et-resumes.com\\\/index.php\\\/le-resume-de-lhistoire\\\/infos-generales\\\/plan-du-site\\\/\",\"name\":\"Plan du site - R\u00e9sum\u00e9 de l&#039;Histoire\",\"isPartOf\":{\"@id\":\"https:\\\/\\\/histoire-et-resumes.com\\\/#website\"},\"datePublished\":\"2023-07-09T07:52:47+00:00\",\"dateModified\":\"2024-04-04T06:12:08+00:00\",\"description\":\"\u27bd Cliquez ici pour d\u00e9couvrir le plan du site du r\u00e9sum\u00e9 sur l'Histoire \u2705\",\"breadcrumb\":{\"@id\":\"https:\\\/\\\/histoire-et-resumes.com\\\/index.php\\\/le-resume-de-lhistoire\\\/infos-generales\\\/plan-du-site\\\/#breadcrumb\"},\"inLanguage\":\"fr-FR\",\"potentialAction\":[{\"@type\":\"ReadAction\",\"target\":[\"https:\\\/\\\/histoire-et-resumes.com\\\/index.php\\\/le-resume-de-lhistoire\\\/infos-generales\\\/plan-du-site\\\/\"]}]},{\"@type\":\"BreadcrumbList\",\"@id\":\"https:\\\/\\\/histoire-et-resumes.com\\\/index.php\\\/le-resume-de-lhistoire\\\/infos-generales\\\/plan-du-site\\\/#breadcrumb\",\"itemListElement\":[{\"@type\":\"ListItem\",\"position\":1,\"name\":\"Accueil\",\"item\":\"https:\\\/\\\/histoire-et-resumes.com\\\/\"},{\"@type\":\"ListItem\",\"position\":2,\"name\":\"Le r\u00e9sum\u00e9 de l&rsquo;Histoire\",\"item\":\"https:\\\/\\\/histoire-et-resumes.com\\\/\"},{\"@type\":\"ListItem\",\"position\":3,\"name\":\"Infos g\u00e9n\u00e9rales\",\"item\":\"https:\\\/\\\/histoire-et-resumes.com\\\/index.php\\\/le-resume-de-lhistoire\\\/infos-generales\\\/\"},{\"@type\":\"ListItem\",\"position\":4,\"name\":\"Plan du site\"}]},{\"@type\":\"WebSite\",\"@id\":\"https:\\\/\\\/histoire-et-resumes.com\\\/#website\",\"url\":\"https:\\\/\\\/histoire-et-resumes.com\\\/\",\"name\":\"L'Histoire en un coup d'\u0153il\",\"description\":\"Un r\u00e9sum\u00e9 des 5 grandes p\u00e9riodes historiques.\",\"potentialAction\":[{\"@type\":\"SearchAction\",\"target\":{\"@type\":\"EntryPoint\",\"urlTemplate\":\"https:\\\/\\\/histoire-et-resumes.com\\\/?s={search_term_string}\"},\"query-input\":{\"@type\":\"PropertyValueSpecification\",\"valueRequired\":true,\"valueName\":\"search_term_string\"}}],\"inLanguage\":\"fr-FR\"}]}<\/script>\n<!-- \/ Yoast SEO plugin. -->","yoast_head_json":{"title":"Plan du site - R\u00e9sum\u00e9 de l&#039;Histoire","description":"\u27bd Cliquez ici pour d\u00e9couvrir le plan du site du r\u00e9sum\u00e9 sur l'Histoire \u2705","robots":{"index":"index","follow":"follow","max-snippet":"max-snippet:-1","max-image-preview":"max-image-preview:large","max-video-preview":"max-video-preview:-1"},"canonical":"https:\/\/histoire-et-resumes.com\/index.php\/le-resume-de-lhistoire\/infos-generales\/plan-du-site\/","og_locale":"fr_FR","og_type":"article","og_title":"Plan du site - R\u00e9sum\u00e9 de l&#039;Histoire","og_description":"\u27bd Cliquez ici pour d\u00e9couvrir le plan du site du r\u00e9sum\u00e9 sur l'Histoire \u2705","og_url":"https:\/\/histoire-et-resumes.com\/index.php\/le-resume-de-lhistoire\/infos-generales\/plan-du-site\/","og_site_name":"R\u00e9sum\u00e9 de l&#039;Histoire","article_modified_time":"2024-04-04T06:12:08+00:00","twitter_card":"summary_large_image","twitter_site":"@misterfanjo","twitter_misc":{"Dur\u00e9e de lecture estim\u00e9e":"1 minute"},"schema":{"@context":"https:\/\/schema.org","@graph":[{"@type":"WebPage","@id":"https:\/\/histoire-et-resumes.com\/index.php\/le-resume-de-lhistoire\/infos-generales\/plan-du-site\/","url":"https:\/\/histoire-et-resumes.com\/index.php\/le-resume-de-lhistoire\/infos-generales\/plan-du-site\/","name":"Plan du site - R\u00e9sum\u00e9 de l&#039;Histoire","isPartOf":{"@id":"https:\/\/histoire-et-resumes.com\/#website"},"datePublished":"2023-07-09T07:52:47+00:00","dateModified":"2024-04-04T06:12:08+00:00","description":"\u27bd Cliquez ici pour d\u00e9couvrir le plan du site du r\u00e9sum\u00e9 sur l'Histoire \u2705","breadcrumb":{"@id":"https:\/\/histoire-et-resumes.com\/index.php\/le-resume-de-lhistoire\/infos-generales\/plan-du-site\/#breadcrumb"},"inLanguage":"fr-FR","potentialAction":[{"@type":"ReadAction","target":["https:\/\/histoire-et-resumes.com\/index.php\/le-resume-de-lhistoire\/infos-generales\/plan-du-site\/"]}]},{"@type":"BreadcrumbList","@id":"https:\/\/histoire-et-resumes.com\/index.php\/le-resume-de-lhistoire\/infos-generales\/plan-du-site\/#breadcrumb","itemListElement":[{"@type":"ListItem","position":1,"name":"Accueil","item":"https:\/\/histoire-et-resumes.com\/"},{"@type":"ListItem","position":2,"name":"Le r\u00e9sum\u00e9 de l&rsquo;Histoire","item":"https:\/\/histoire-et-resumes.com\/"},{"@type":"ListItem","position":3,"name":"Infos g\u00e9n\u00e9rales","item":"https:\/\/histoire-et-resumes.com\/index.php\/le-resume-de-lhistoire\/infos-generales\/"},{"@type":"ListItem","position":4,"name":"Plan du site"}]},{"@type":"WebSite","@id":"https:\/\/histoire-et-resumes.com\/#website","url":"https:\/\/histoire-et-resumes.com\/","name":"L'Histoire en un coup d'\u0153il","description":"Un r\u00e9sum\u00e9 des 5 grandes p\u00e9riodes historiques.","potentialAction":[{"@type":"SearchAction","target":{"@type":"EntryPoint","urlTemplate":"https:\/\/histoire-et-resumes.com\/?s={search_term_string}"},"query-input":{"@type":"PropertyValueSpecification","valueRequired":true,"valueName":"search_term_string"}}],"inLanguage":"fr-FR"}]}},"_links":{"self":[{"href":"https:\/\/histoire-et-resumes.com\/index.php\/wp-json\/wp\/v2\/pages\/101","targetHints":{"allow":["GET"]}}],"collection":[{"href":"https:\/\/histoire-et-resumes.com\/index.php\/wp-json\/wp\/v2\/pages"}],"about":[{"href":"https:\/\/histoire-et-resumes.com\/index.php\/wp-json\/wp\/v2\/types\/page"}],"author":[{"embeddable":true,"href":"https:\/\/histoire-et-resumes.com\/index.php\/wp-json\/wp\/v2\/users\/1"}],"replies":[{"embeddable":true,"href":"https:\/\/histoire-et-resumes.com\/index.php\/wp-json\/wp\/v2\/comments?post=101"}],"version-history":[{"count":1,"href":"https:\/\/histoire-et-resumes.com\/index.php\/wp-json\/wp\/v2\/pages\/101\/revisions"}],"predecessor-version":[{"id":102,"href":"https:\/\/histoire-et-resumes.com\/index.php\/wp-json\/wp\/v2\/pages\/101\/revisions\/102"}],"up":[{"embeddable":true,"href":"https:\/\/histoire-et-resumes.com\/index.php\/wp-json\/wp\/v2\/pages\/103"}],"wp:attachment":[{"href":"https:\/\/histoire-et-resumes.com\/index.php\/wp-json\/wp\/v2\/media?parent=101"}],"curies":[{"name":"wp","href":"https:\/\/api.w.org\/{rel}","templated":true}]}}